{"id":7580,"date":"2024-01-05T23:12:33","date_gmt":"2024-01-05T21:12:33","guid":{"rendered":"http:\/\/lucetia.eu\/?page_id=7580"},"modified":"2026-04-07T11:30:13","modified_gmt":"2026-04-07T08:30:13","slug":"events","status":"publish","type":"page","link":"https:\/\/lucetia.eu\/en\/events\/","title":{"rendered":"Events"},"content":{"rendered":"[vc_row type=&#8221;in_container&#8221; full_screen_row_position=&#8221;middle&#8221; column_margin=&#8221;default&#8221; column_direction=&#8221;default&#8221; column_direction_tablet=&#8221;default&#8221; column_direction_phone=&#8221;default&#8221; scene_position=&#8221;center&#8221; top_margin=&#8221;20px&#8221; text_color=&#8221;dark&#8221; text_align=&#8221;left&#8221; row_border_radius=&#8221;none&#8221; row_border_radius_applies=&#8221;bg&#8221; row_position_desktop=&#8221;default&#8221; row_position_tablet=&#8221;inherit&#8221; row_position_phone=&#8221;inherit&#8221; overflow=&#8221;visible&#8221; overlay_strength=&#8221;0.3&#8243; gradient_direction=&#8221;left_to_right&#8221; shape_divider_position=&#8221;bottom&#8221; bg_image_animation=&#8221;none&#8221; gradient_type=&#8221;default&#8221; shape_type=&#8221;&#8221;][vc_column column_padding=&#8221;no-extra-padding&#8221; column_padding_tablet=&#8221;inherit&#8221; column_padding_phone=&#8221;inherit&#8221; column_padding_position=&#8221;all&#8221; flex_gap_desktop=&#8221;10px&#8221; column_element_direction_desktop=&#8221;default&#8221; column_element_spacing=&#8221;default&#8221; desktop_text_alignment=&#8221;default&#8221; tablet_text_alignment=&#8221;default&#8221; phone_text_alignment=&#8221;default&#8221; background_color_opacity=&#8221;1&#8243; background_hover_color_opacity=&#8221;1&#8243; column_backdrop_filter=&#8221;none&#8221; column_shadow=&#8221;none&#8221; column_border_radius=&#8221;none&#8221; column_link_target=&#8221;_self&#8221; column_position=&#8221;default&#8221; gradient_direction=&#8221;left_to_right&#8221; overlay_strength=&#8221;0.3&#8243; width=&#8221;1\/1&#8243; tablet_width_inherit=&#8221;default&#8221; animation_type=&#8221;default&#8221; bg_image_animation=&#8221;none&#8221; border_type=&#8221;simple&#8221; column_border_width=&#8221;none&#8221; column_border_style=&#8221;solid&#8221;][vc_column_text css=&#8221;&#8221; text_direction=&#8221;default&#8221;]\n<h3 id=\"lenormand-tulkintoja\" class=\"wp-block-heading\">Astrological and Lenormand readings<\/h3>\n<p><strong>Wed 08.04.2026 at 11.00-12.00<br \/>\nSat 11.04.2026 at 11.00-12.00<\/strong><\/p>\n<p>Lucetia\u2019s service line <a href=\"tel:07008%207800\">0700 87 800<\/a><\/p>\n<p>Service call fee 2,98\u20ac\/min+local\/mobile charge.<br \/>\nService line only available from Finnish phone lines.[\/vc_column_text][\/vc_column][\/vc_row][vc_row type=&#8221;in_container&#8221; full_screen_row_position=&#8221;middle&#8221; column_margin=&#8221;default&#8221; column_direction=&#8221;default&#8221; column_direction_tablet=&#8221;default&#8221; column_direction_phone=&#8221;default&#8221; scene_position=&#8221;center&#8221; text_color=&#8221;dark&#8221; text_align=&#8221;left&#8221; row_border_radius=&#8221;none&#8221; row_border_radius_applies=&#8221;bg&#8221; row_position_desktop=&#8221;default&#8221; row_position_tablet=&#8221;inherit&#8221; row_position_phone=&#8221;inherit&#8221; overflow=&#8221;visible&#8221; overlay_strength=&#8221;0.3&#8243; gradient_direction=&#8221;left_to_right&#8221; shape_divider_position=&#8221;bottom&#8221; bg_image_animation=&#8221;none&#8221;][vc_column column_padding=&#8221;no-extra-padding&#8221; column_padding_tablet=&#8221;inherit&#8221; column_padding_phone=&#8221;inherit&#8221; column_padding_position=&#8221;all&#8221; flex_gap_desktop=&#8221;10px&#8221; column_element_direction_desktop=&#8221;default&#8221; column_element_spacing=&#8221;default&#8221; desktop_text_alignment=&#8221;default&#8221; tablet_text_alignment=&#8221;default&#8221; phone_text_alignment=&#8221;default&#8221; background_color_opacity=&#8221;1&#8243; background_hover_color_opacity=&#8221;1&#8243; column_backdrop_filter=&#8221;none&#8221; column_shadow=&#8221;none&#8221; column_border_radius=&#8221;none&#8221; column_link_target=&#8221;_self&#8221; column_position=&#8221;default&#8221; gradient_direction=&#8221;left_to_right&#8221; overlay_strength=&#8221;0.3&#8243; width=&#8221;1\/1&#8243; tablet_width_inherit=&#8221;default&#8221; animation_type=&#8221;default&#8221; bg_image_animation=&#8221;none&#8221; border_type=&#8221;simple&#8221; column_border_width=&#8221;none&#8221; column_border_style=&#8221;solid&#8221;][vc_column_text css=&#8221;&#8221; text_direction=&#8221;default&#8221;]\n<h3 id=\"lenormand-tulkintoja\" class=\"wp-block-heading\">Astrologian \u00e4\u00e4rell\u00e4 stream<\/h3>\n<p><strong>Interactive webcast Mon, Wed and Sat<\/strong><strong>\u00a010.00 o&#8217;clock<br \/>\nAstrological webcast<\/strong><\/p>\n<p><img loading=\"lazy\" decoding=\"async\" class=\"wp-image-8034 size-medium aligncenter\" src=\"http:\/\/lucetia.eu\/wp-content\/uploads\/2025\/08\/Astrologian-aarella-2025Eng-300x197.jpg\" alt=\"\" width=\"300\" height=\"197\" srcset=\"https:\/\/lucetia.eu\/wp-content\/uploads\/2025\/08\/Astrologian-aarella-2025Eng-300x197.jpg 300w, https:\/\/lucetia.eu\/wp-content\/uploads\/2025\/08\/Astrologian-aarella-2025Eng-600x394.jpg 600w, https:\/\/lucetia.eu\/wp-content\/uploads\/2025\/08\/Astrologian-aarella-2025Eng.jpg 640w\" sizes=\"auto, (max-width: 300px) 100vw, 300px\" \/><\/p>\n<p>In <strong>Astrologian \u00e4\u00e4rell\u00e4<\/strong>&#8211; live stream, Jaana discusses current astrological constellationssuch as the new moon and full moon, retrograde planets, and the VOC moon. In her stream, she also introduces the basics of astrology. Join her in diving into the fascinating world of astrology: <strong>Astrologian \u00e4\u00e4rell\u00e4<\/strong> on Mondays, Wednesdays and Saturdays\u00a0 at 10 o&#8217;clock at Lucetia&#8217;s <a href=\"https:\/\/www.facebook.com\/profile.php?id=100057096655875\"><strong>Facebook-page<\/strong><\/a> and <a href=\"https:\/\/www.youtube.com\/@Lucetia\"><strong>YouTube<\/strong><\/a>.<\/p>\n<p><strong>Astrologian \u00e4\u00e4rell\u00e4<\/strong> is a live stream by professional astrologer Jaana Rusi, which you can watch live on Lucetia&#8217;s YouTube channel (www.youtube.com\/@Lucetia) and Facebook page.In <strong>Astrologian \u00e4\u00e4rell\u00e4<\/strong> stream, Jaana discusses astrological aspects related to the current situation. In addition to the above, Jaana discusses various astrological themes in her stream that contribute to self-awareness.<\/p>\n<p>Participate in the live stream by chatting about the theme of the day or telling Jaana what you would like her to discuss in <strong>Astrologian \u00e4\u00e4rell\u00e4<\/strong>. You can also call the live stream and request an individual interpretation of your chart by calling 0700 87 800. The call costs \u20ac2.98\/min + local network charge\/mobile call charge.<\/p>\n<p>After the live stream, Jaana will be available at the same number for about an hour.<\/p>\n<p>If you want to see more similar astrology streams, subscribe to Lucetia&#8217;s YouTube channel @Lucetia.<\/p>\n<p>You can find previous broadcasts on my website under <a href=\"https:\/\/lucetia.eu\/striimi\/\">Striimi<\/a>.[\/vc_column_text][\/vc_column][\/vc_row][vc_row type=&#8221;in_container&#8221; full_screen_row_position=&#8221;middle&#8221; column_margin=&#8221;default&#8221; column_direction=&#8221;default&#8221; column_direction_tablet=&#8221;default&#8221; column_direction_phone=&#8221;default&#8221; scene_position=&#8221;center&#8221; text_color=&#8221;dark&#8221; text_align=&#8221;left&#8221; row_border_radius=&#8221;none&#8221; row_border_radius_applies=&#8221;bg&#8221; row_position_desktop=&#8221;default&#8221; row_position_tablet=&#8221;inherit&#8221; row_position_phone=&#8221;inherit&#8221; overflow=&#8221;visible&#8221; overlay_strength=&#8221;0.3&#8243; gradient_direction=&#8221;left_to_right&#8221; shape_divider_position=&#8221;bottom&#8221; bg_image_animation=&#8221;none&#8221;][vc_column column_padding=&#8221;no-extra-padding&#8221; column_padding_tablet=&#8221;inherit&#8221; column_padding_phone=&#8221;inherit&#8221; column_padding_position=&#8221;all&#8221; flex_gap_desktop=&#8221;10px&#8221; column_element_direction_desktop=&#8221;default&#8221; column_element_spacing=&#8221;default&#8221; desktop_text_alignment=&#8221;default&#8221; tablet_text_alignment=&#8221;default&#8221; phone_text_alignment=&#8221;default&#8221; background_color_opacity=&#8221;1&#8243; background_hover_color_opacity=&#8221;1&#8243; column_backdrop_filter=&#8221;none&#8221; column_shadow=&#8221;none&#8221; column_border_radius=&#8221;none&#8221; column_link_target=&#8221;_self&#8221; column_position=&#8221;default&#8221; gradient_direction=&#8221;left_to_right&#8221; overlay_strength=&#8221;0.3&#8243; width=&#8221;1\/1&#8243; tablet_width_inherit=&#8221;default&#8221; animation_type=&#8221;default&#8221; bg_image_animation=&#8221;none&#8221; border_type=&#8221;simple&#8221; column_border_width=&#8221;none&#8221; column_border_style=&#8221;solid&#8221;][vc_column_text css=&#8221;&#8221; text_direction=&#8221;default&#8221;]\n<h3><strong>Astrological and Lenormand readings<\/strong><\/h3>\n<p><strong>25.04.2026 10-20 o&#8217;clock<br \/>\nEspoo<\/strong><\/p>\n<p>Valon P\u00e4iv\u00e4t<br \/>\nDipoli<br \/>\nOtakaari 24<br \/>\n02150 Espoo<\/p>\n<p><a href=\"https:\/\/maps.app.goo.gl\/fXJdAWCfMwYJ8Bbv9\">Show on map<\/a><\/p>\n<p>Bookings can be made in advance by phone 040 857 6512 or via email at <a href=\"mailto:mail@lucetia.eu\">mail[at]lucetia.eu<\/a>. You can also book your appointment on site from the appointment list.<\/p>\n<p>Readings 20 EUR\/10 min, Payment can be made in cash or via MobilePay.<\/p>\n<p>For a longer and more detailed reading, you can book two or tree consecutive appointments. For an astrological and combination reading you should book at least two consecutive appointments.<\/p>\n<p>If you would like a printed copy of your astrological chart, please book your appointment in advance and provide your birth details when booking your appointment.[\/vc_column_text][\/vc_column][\/vc_row][vc_row type=&#8221;in_container&#8221; full_screen_row_position=&#8221;middle&#8221; column_margin=&#8221;default&#8221; column_direction=&#8221;default&#8221; column_direction_tablet=&#8221;default&#8221; column_direction_phone=&#8221;default&#8221; scene_position=&#8221;center&#8221; text_color=&#8221;dark&#8221; text_align=&#8221;left&#8221; row_border_radius=&#8221;none&#8221; row_border_radius_applies=&#8221;bg&#8221; row_position_desktop=&#8221;default&#8221; row_position_tablet=&#8221;inherit&#8221; row_position_phone=&#8221;inherit&#8221; overflow=&#8221;visible&#8221; overlay_strength=&#8221;0.3&#8243; gradient_direction=&#8221;left_to_right&#8221; shape_divider_position=&#8221;bottom&#8221; bg_image_animation=&#8221;none&#8221;][vc_column column_padding=&#8221;no-extra-padding&#8221; column_padding_tablet=&#8221;inherit&#8221; column_padding_phone=&#8221;inherit&#8221; column_padding_position=&#8221;all&#8221; flex_gap_desktop=&#8221;10px&#8221; column_element_direction_desktop=&#8221;default&#8221; column_element_spacing=&#8221;default&#8221; desktop_text_alignment=&#8221;default&#8221; tablet_text_alignment=&#8221;default&#8221; phone_text_alignment=&#8221;default&#8221; background_color_opacity=&#8221;1&#8243; background_hover_color_opacity=&#8221;1&#8243; column_backdrop_filter=&#8221;none&#8221; column_shadow=&#8221;none&#8221; column_border_radius=&#8221;none&#8221; column_link_target=&#8221;_self&#8221; column_position=&#8221;default&#8221; gradient_direction=&#8221;left_to_right&#8221; overlay_strength=&#8221;0.3&#8243; width=&#8221;1\/1&#8243; tablet_width_inherit=&#8221;default&#8221; animation_type=&#8221;default&#8221; bg_image_animation=&#8221;none&#8221; border_type=&#8221;simple&#8221; column_border_width=&#8221;none&#8221; column_border_style=&#8221;solid&#8221;][vc_column_text css=&#8221;&#8221; text_direction=&#8221;default&#8221;]\n<h3><strong>Astrological and Lenormand readings<\/strong><\/h3>\n<p><strong>16.05.2026 10-17 o&#8217;clock<br \/>\nPorvoo<\/strong><\/p>\n<p>ILON Valkeat<br \/>\n<span class=\"wysiwyg-font-size-18\">Haaga-Helia Porvoo Campus<\/span><br \/>\nTaidetehtaankatu 1<br \/>\n06100 Porvoo<\/p>\n<p><a href=\"https:\/\/maps.app.goo.gl\/iBiAihC7fhSZdBKv8\">Show on map<\/a><\/p>\n<p>Bookings can be made in advance by phone 040 857 6512 or via email at <a href=\"mailto:mail@lucetia.eu\">mail[at]lucetia.eu<\/a>. You can also book your appointment on site from the appointment list.<\/p>\n<p>Readings 20 EUR\/10 min, Payment can be made in cash or via MobilePay.<\/p>\n<p>For a longer and more detailed reading, you can book two or tree consecutive appointments. For an astrological and combination reading you should book at least two consecutive appointments.<\/p>\n<p>If you would like a printed copy of your astrological chart, please book your appointment in advance and provide your birth details when booking your appointment.[\/vc_column_text][\/vc_column][\/vc_row][vc_row type=&#8221;in_container&#8221; full_screen_row_position=&#8221;middle&#8221; column_margin=&#8221;default&#8221; column_direction=&#8221;default&#8221; column_direction_tablet=&#8221;default&#8221; column_direction_phone=&#8221;default&#8221; scene_position=&#8221;center&#8221; text_color=&#8221;dark&#8221; text_align=&#8221;left&#8221; row_border_radius=&#8221;none&#8221; row_border_radius_applies=&#8221;bg&#8221; row_position_desktop=&#8221;default&#8221; row_position_tablet=&#8221;inherit&#8221; row_position_phone=&#8221;inherit&#8221; overflow=&#8221;visible&#8221; overlay_strength=&#8221;0.3&#8243; gradient_direction=&#8221;left_to_right&#8221; shape_divider_position=&#8221;bottom&#8221; bg_image_animation=&#8221;none&#8221;][vc_column column_padding=&#8221;no-extra-padding&#8221; column_padding_tablet=&#8221;inherit&#8221; column_padding_phone=&#8221;inherit&#8221; column_padding_position=&#8221;all&#8221; flex_gap_desktop=&#8221;10px&#8221; column_element_direction_desktop=&#8221;default&#8221; column_element_spacing=&#8221;default&#8221; desktop_text_alignment=&#8221;default&#8221; tablet_text_alignment=&#8221;default&#8221; phone_text_alignment=&#8221;default&#8221; background_color_opacity=&#8221;1&#8243; background_hover_color_opacity=&#8221;1&#8243; column_backdrop_filter=&#8221;none&#8221; column_shadow=&#8221;none&#8221; column_border_radius=&#8221;none&#8221; column_link_target=&#8221;_self&#8221; column_position=&#8221;default&#8221; gradient_direction=&#8221;left_to_right&#8221; overlay_strength=&#8221;0.3&#8243; width=&#8221;1\/1&#8243; tablet_width_inherit=&#8221;default&#8221; animation_type=&#8221;default&#8221; bg_image_animation=&#8221;none&#8221; border_type=&#8221;simple&#8221; column_border_width=&#8221;none&#8221; column_border_style=&#8221;solid&#8221;][vc_column_text css=&#8221;&#8221; text_direction=&#8221;default&#8221;]\n<h3><strong>Workshop: Discover the potential of your chart<br \/>\nUranus in natal chart<\/strong><\/h3>\n<p><strong>Sun 14.06.2026 10-14 o&#8217;clock<br \/>\nZoom<\/strong><\/p>\n<p>Do you want to understand the energy of Uranus in your birth chart? Do you find it difficult to adapt to change? Or do you long for space and freedom? Uranus in the birth chart, along with its aspects, reveals a great deal about our ability to break boundaries and our courage to go against the grain.<\/p>\n<p>This workshop focuses on Uranus in the birth chart, its challenges, and how to work through them. How can we turn Uranian challenges into strengths? In the workshop, we\u2019ll explore this theme through the participants\u2019 own charts. If time permits, we can also look at the charts of your loved ones, with their permission, of course.<\/p>\n<p>Please register by June 1 via email at <a href=\"mailto:mail@lucetia.eu\">mail@lucetia.eu<\/a><\/p>\n<p>Workshop fee: 60 EUR. The workshop will take place with a minimum of four participants.<\/p>\n<p>Please provide your birth details (date, time, and location) when registering.[\/vc_column_text][\/vc_column][\/vc_row]\n","protected":false},"excerpt":{"rendered":"<p>[vc_row type=&#8221;in_container&#8221; full_screen_row_position=&#8221;middle&#8221; column_margin=&#8221;default&#8221; column_direction=&#8221;default&#8221; column_direction_tablet=&#8221;default&#8221; column_direction_phone=&#8221;default&#8221; scene_position=&#8221;center&#8221; top_margin=&#8221;20px&#8221; text_color=&#8221;dark&#8221; text_align=&#8221;left&#8221; row_border_radius=&#8221;none&#8221; row_border_radius_applies=&#8221;bg&#8221; row_position_desktop=&#8221;default&#8221; row_position_tablet=&#8221;inherit&#8221; row_position_phone=&#8221;inherit&#8221; overflow=&#8221;visible&#8221; overlay_strength=&#8221;0.3&#8243; gradient_direction=&#8221;left_to_right&#8221; shape_divider_position=&#8221;bottom&#8221; bg_image_animation=&#8221;none&#8221; gradient_type=&#8221;default&#8221; shape_type=&#8221;&#8221;][vc_column column_padding=&#8221;no-extra-padding&#8221; column_padding_tablet=&#8221;inherit&#8221; column_padding_phone=&#8221;inherit&#8221; column_padding_position=&#8221;all&#8221; flex_gap_desktop=&#8221;10px&#8221; column_element_direction_desktop=&#8221;default&#8221; column_element_spacing=&#8221;default&#8221;&#8230;<\/p>\n","protected":false},"author":2,"featured_media":0,"parent":0,"menu_order":0,"comment_status":"closed","ping_status":"closed","template":"","meta":{"footnotes":""},"class_list":["post-7580","page","type-page","status-publish"],"yoast_head":"<!-- This site is optimized with the Yoast SEO plugin v27.3 - https:\/\/yoast.com\/product\/yoast-seo-wordpress\/ -->\n<title>Events - Lucetia<\/title>\n<meta name=\"description\" content=\"Find Lucetia&#039;s current events at a glance: interpretation events, next stream, workshops, and courses.\" \/>\n<meta name=\"robots\" content=\"index, follow, max-snippet:-1, max-image-preview:large, max-video-preview:-1\" \/>\n<link rel=\"canonical\" href=\"https:\/\/lucetia.eu\/en\/events\/\" \/>\n<meta property=\"og:locale\" content=\"en_US\" \/>\n<meta property=\"og:type\" content=\"article\" \/>\n<meta property=\"og:title\" content=\"Events - Lucetia\" \/>\n<meta property=\"og:description\" content=\"Find Lucetia&#039;s current events at a glance: interpretation events, next stream, workshops, and courses.\" \/>\n<meta property=\"og:url\" content=\"https:\/\/lucetia.eu\/en\/events\/\" \/>\n<meta property=\"og:site_name\" content=\"Lucetia\" \/>\n<meta property=\"article:modified_time\" content=\"2026-04-07T08:30:13+00:00\" \/>\n<meta property=\"og:image\" content=\"http:\/\/lucetia.eu\/wp-content\/uploads\/2025\/08\/Astrologian-aarella-2025Eng-300x197.jpg\" \/>\n<meta name=\"twitter:card\" content=\"summary_large_image\" \/>\n<meta name=\"twitter:label1\" content=\"Est. reading time\" \/>\n\t<meta name=\"twitter:data1\" content=\"5 minutes\" \/>\n<script type=\"application\/ld+json\" class=\"yoast-schema-graph\">{\"@context\":\"https:\\\/\\\/schema.org\",\"@graph\":[{\"@type\":\"WebPage\",\"@id\":\"https:\\\/\\\/lucetia.eu\\\/en\\\/events\\\/\",\"url\":\"https:\\\/\\\/lucetia.eu\\\/en\\\/events\\\/\",\"name\":\"Events - Lucetia\",\"isPartOf\":{\"@id\":\"http:\\\/\\\/lucetia.eu\\\/en\\\/#website\"},\"primaryImageOfPage\":{\"@id\":\"https:\\\/\\\/lucetia.eu\\\/en\\\/events\\\/#primaryimage\"},\"image\":{\"@id\":\"https:\\\/\\\/lucetia.eu\\\/en\\\/events\\\/#primaryimage\"},\"thumbnailUrl\":\"http:\\\/\\\/lucetia.eu\\\/wp-content\\\/uploads\\\/2025\\\/08\\\/Astrologian-aarella-2025Eng-300x197.jpg\",\"datePublished\":\"2024-01-05T21:12:33+00:00\",\"dateModified\":\"2026-04-07T08:30:13+00:00\",\"description\":\"Find Lucetia's current events at a glance: interpretation events, next stream, workshops, and courses.\",\"breadcrumb\":{\"@id\":\"https:\\\/\\\/lucetia.eu\\\/en\\\/events\\\/#breadcrumb\"},\"inLanguage\":\"en-US\",\"potentialAction\":[{\"@type\":\"ReadAction\",\"target\":[\"https:\\\/\\\/lucetia.eu\\\/en\\\/events\\\/\"]}]},{\"@type\":\"ImageObject\",\"inLanguage\":\"en-US\",\"@id\":\"https:\\\/\\\/lucetia.eu\\\/en\\\/events\\\/#primaryimage\",\"url\":\"http:\\\/\\\/lucetia.eu\\\/wp-content\\\/uploads\\\/2025\\\/08\\\/Astrologian-aarella-2025Eng-300x197.jpg\",\"contentUrl\":\"http:\\\/\\\/lucetia.eu\\\/wp-content\\\/uploads\\\/2025\\\/08\\\/Astrologian-aarella-2025Eng-300x197.jpg\"},{\"@type\":\"BreadcrumbList\",\"@id\":\"https:\\\/\\\/lucetia.eu\\\/en\\\/events\\\/#breadcrumb\",\"itemListElement\":[{\"@type\":\"ListItem\",\"position\":1,\"name\":\"Etusivu\",\"item\":\"http:\\\/\\\/lucetia.eu\\\/en\\\/\"},{\"@type\":\"ListItem\",\"position\":2,\"name\":\"Events\"}]},{\"@type\":\"WebSite\",\"@id\":\"http:\\\/\\\/lucetia.eu\\\/en\\\/#website\",\"url\":\"http:\\\/\\\/lucetia.eu\\\/en\\\/\",\"name\":\"Lucetia\",\"description\":\"Astrologi &amp; Lenormand-tulkitsija\",\"potentialAction\":[{\"@type\":\"SearchAction\",\"target\":{\"@type\":\"EntryPoint\",\"urlTemplate\":\"http:\\\/\\\/lucetia.eu\\\/en\\\/?s={search_term_string}\"},\"query-input\":{\"@type\":\"PropertyValueSpecification\",\"valueRequired\":true,\"valueName\":\"search_term_string\"}}],\"inLanguage\":\"en-US\"}]}<\/script>\n<!-- \/ Yoast SEO plugin. -->","yoast_head_json":{"title":"Events - Lucetia","description":"Find Lucetia's current events at a glance: interpretation events, next stream, workshops, and courses.","robots":{"index":"index","follow":"follow","max-snippet":"max-snippet:-1","max-image-preview":"max-image-preview:large","max-video-preview":"max-video-preview:-1"},"canonical":"https:\/\/lucetia.eu\/en\/events\/","og_locale":"en_US","og_type":"article","og_title":"Events - Lucetia","og_description":"Find Lucetia's current events at a glance: interpretation events, next stream, workshops, and courses.","og_url":"https:\/\/lucetia.eu\/en\/events\/","og_site_name":"Lucetia","article_modified_time":"2026-04-07T08:30:13+00:00","og_image":[{"url":"http:\/\/lucetia.eu\/wp-content\/uploads\/2025\/08\/Astrologian-aarella-2025Eng-300x197.jpg","type":"","width":"","height":""}],"twitter_card":"summary_large_image","twitter_misc":{"Est. reading time":"5 minutes"},"schema":{"@context":"https:\/\/schema.org","@graph":[{"@type":"WebPage","@id":"https:\/\/lucetia.eu\/en\/events\/","url":"https:\/\/lucetia.eu\/en\/events\/","name":"Events - Lucetia","isPartOf":{"@id":"http:\/\/lucetia.eu\/en\/#website"},"primaryImageOfPage":{"@id":"https:\/\/lucetia.eu\/en\/events\/#primaryimage"},"image":{"@id":"https:\/\/lucetia.eu\/en\/events\/#primaryimage"},"thumbnailUrl":"http:\/\/lucetia.eu\/wp-content\/uploads\/2025\/08\/Astrologian-aarella-2025Eng-300x197.jpg","datePublished":"2024-01-05T21:12:33+00:00","dateModified":"2026-04-07T08:30:13+00:00","description":"Find Lucetia's current events at a glance: interpretation events, next stream, workshops, and courses.","breadcrumb":{"@id":"https:\/\/lucetia.eu\/en\/events\/#breadcrumb"},"inLanguage":"en-US","potentialAction":[{"@type":"ReadAction","target":["https:\/\/lucetia.eu\/en\/events\/"]}]},{"@type":"ImageObject","inLanguage":"en-US","@id":"https:\/\/lucetia.eu\/en\/events\/#primaryimage","url":"http:\/\/lucetia.eu\/wp-content\/uploads\/2025\/08\/Astrologian-aarella-2025Eng-300x197.jpg","contentUrl":"http:\/\/lucetia.eu\/wp-content\/uploads\/2025\/08\/Astrologian-aarella-2025Eng-300x197.jpg"},{"@type":"BreadcrumbList","@id":"https:\/\/lucetia.eu\/en\/events\/#breadcrumb","itemListElement":[{"@type":"ListItem","position":1,"name":"Etusivu","item":"http:\/\/lucetia.eu\/en\/"},{"@type":"ListItem","position":2,"name":"Events"}]},{"@type":"WebSite","@id":"http:\/\/lucetia.eu\/en\/#website","url":"http:\/\/lucetia.eu\/en\/","name":"Lucetia","description":"Astrologi &amp; Lenormand-tulkitsija","potentialAction":[{"@type":"SearchAction","target":{"@type":"EntryPoint","urlTemplate":"http:\/\/lucetia.eu\/en\/?s={search_term_string}"},"query-input":{"@type":"PropertyValueSpecification","valueRequired":true,"valueName":"search_term_string"}}],"inLanguage":"en-US"}]}},"jetpack_sharing_enabled":true,"_links":{"self":[{"href":"https:\/\/lucetia.eu\/en\/wp-json\/wp\/v2\/pages\/7580","targetHints":{"allow":["GET"]}}],"collection":[{"href":"https:\/\/lucetia.eu\/en\/wp-json\/wp\/v2\/pages"}],"about":[{"href":"https:\/\/lucetia.eu\/en\/wp-json\/wp\/v2\/types\/page"}],"author":[{"embeddable":true,"href":"https:\/\/lucetia.eu\/en\/wp-json\/wp\/v2\/users\/2"}],"replies":[{"embeddable":true,"href":"https:\/\/lucetia.eu\/en\/wp-json\/wp\/v2\/comments?post=7580"}],"version-history":[{"count":61,"href":"https:\/\/lucetia.eu\/en\/wp-json\/wp\/v2\/pages\/7580\/revisions"}],"predecessor-version":[{"id":8761,"href":"https:\/\/lucetia.eu\/en\/wp-json\/wp\/v2\/pages\/7580\/revisions\/8761"}],"wp:attachment":[{"href":"https:\/\/lucetia.eu\/en\/wp-json\/wp\/v2\/media?parent=7580"}],"curies":[{"name":"wp","href":"https:\/\/api.w.org\/{rel}","templated":true}]}}