{"id":8221,"date":"2025-10-14T10:31:22","date_gmt":"2025-10-14T07:31:22","guid":{"rendered":"http:\/\/lucetia.eu\/tuote\/deutungen-auf-der-fachmesse\/"},"modified":"2025-10-14T10:31:22","modified_gmt":"2025-10-14T07:31:22","slug":"deutungen-auf-der-fachmesse","status":"publish","type":"product","link":"https:\/\/lucetia.eu\/de\/artikel\/deutungen-auf-der-fachmesse\/","title":{"rendered":"Deutungen auf der Fachmesse"},"content":{"rendered":"<h2>Deutungen auf der Fachmesse<\/h2>\n<p>Auf der Fachmesse kannst du zwischen Lenormand-Legungen, astrologischen und Kombinationsdeutungen w\u00e4hlen. Du kannst deine Deutung im Voraus buchen und bezahlen oder alternativ direkt auf der Fachmesse aus der Liste an meinem Stand buchen. Du kannst deine Deutung auf der Fachmesse auch bar oder mit MobilePay bezahlen.  <\/p>\n<p>10 Min.\/20 EUR, mindestens 2 x 10 Minuten f\u00fcr astrologische und kombinierte Interpretationen. Alle Preise verstehen sich inkl. der finnischen Mehrwertsteuer (ab 1.9.2024 25,5 %).<\/p>\n","protected":false},"excerpt":{"rendered":"<p>Deutungen auf der Fachmesse k\u00f6nnen 10 Minuten oder l\u00e4nger dauern (immer in 10-Minuten-Schritten). Wenn du eine Deutung buchst, die l\u00e4nger als 10 Minuten dauert, trage bitte auf der Buchungsliste deutlich die von dir gebuchte Zeit (zwei oder mehr aufeinanderfolgende Zeiten) ein. <\/p>\n<p>F\u00fcr Lenormand-Lesungen kannst du 10 Minuten oder mehr buchen, f\u00fcr astrologische und kombinierte Lesungen m\u00fcssen jedoch mindestens 2 x 10 Minuten gebucht werden.<\/p>\n<p><strong>Hinweis: Deutungen auf Fachmessen sind nur auf Fachmessen verf\u00fcgbar!<\/strong><\/p>\n<p>F\u00fcr astrologische und kombinierte Lesungen ben\u00f6tige ich deine Geburtsdaten (Datum, Uhrzeit und Ort).<\/p>\n","protected":false},"featured_media":8210,"comment_status":"open","ping_status":"closed","template":"","meta":[],"product_brand":[],"product_cat":[253,261],"product_tag":[],"class_list":{"0":"post-8221","1":"product","2":"type-product","3":"status-publish","4":"has-post-thumbnail","6":"product_cat-astrologie","7":"product_cat-kartendeutung","9":"first","10":"instock","11":"taxable","12":"shipping-taxable","13":"purchasable","14":"product-type-variable"},"yoast_head":"<!-- This site is optimized with the Yoast SEO plugin v27.3 - https:\/\/yoast.com\/product\/yoast-seo-wordpress\/ -->\n<title>Deutungen auf der Fachmesse - Lucetia<\/title>\n<meta name=\"robots\" content=\"index, follow, max-snippet:-1, max-image-preview:large, max-video-preview:-1\" \/>\n<link rel=\"canonical\" href=\"https:\/\/lucetia.eu\/de\/artikel\/deutungen-auf-der-fachmesse\/\" \/>\n<meta property=\"og:locale\" content=\"de_DE\" \/>\n<meta property=\"og:type\" content=\"article\" \/>\n<meta property=\"og:title\" content=\"Deutungen auf der Fachmesse - Lucetia\" \/>\n<meta property=\"og:description\" content=\"Deutungen auf der Fachmesse k\u00f6nnen 10 Minuten oder l\u00e4nger dauern (immer in 10-Minuten-Schritten). Wenn du eine Deutung buchst, die l\u00e4nger als 10 Minuten dauert, trage bitte auf der Buchungsliste deutlich die von dir gebuchte Zeit (zwei oder mehr aufeinanderfolgende Zeiten) ein.  F\u00fcr Lenormand-Lesungen kannst du 10 Minuten oder mehr buchen, f\u00fcr astrologische und kombinierte Lesungen m\u00fcssen jedoch mindestens 2 x 10 Minuten gebucht werden. Hinweis: Deutungen auf Fachmessen sind nur auf Fachmessen verf\u00fcgbar! F\u00fcr astrologische und kombinierte Lesungen ben\u00f6tige ich deine Geburtsdaten (Datum, Uhrzeit und Ort).\" \/>\n<meta property=\"og:url\" content=\"https:\/\/lucetia.eu\/de\/artikel\/deutungen-auf-der-fachmesse\/\" \/>\n<meta property=\"og:site_name\" content=\"Lucetia\" \/>\n<meta property=\"og:image\" content=\"https:\/\/lucetia.eu\/wp-content\/uploads\/2025\/10\/Messut2.jpg\" \/>\n\t<meta property=\"og:image:width\" content=\"1123\" \/>\n\t<meta property=\"og:image:height\" content=\"1068\" \/>\n\t<meta property=\"og:image:type\" content=\"image\/jpeg\" \/>\n<meta name=\"twitter:card\" content=\"summary_large_image\" \/>\n<script type=\"application\/ld+json\" class=\"yoast-schema-graph\">{\"@context\":\"https:\\\/\\\/schema.org\",\"@graph\":[{\"@type\":\"WebPage\",\"@id\":\"https:\\\/\\\/lucetia.eu\\\/de\\\/artikel\\\/deutungen-auf-der-fachmesse\\\/\",\"url\":\"https:\\\/\\\/lucetia.eu\\\/de\\\/artikel\\\/deutungen-auf-der-fachmesse\\\/\",\"name\":\"Deutungen auf der Fachmesse - Lucetia\",\"isPartOf\":{\"@id\":\"http:\\\/\\\/lucetia.eu\\\/de\\\/#website\"},\"primaryImageOfPage\":{\"@id\":\"https:\\\/\\\/lucetia.eu\\\/de\\\/artikel\\\/deutungen-auf-der-fachmesse\\\/#primaryimage\"},\"image\":{\"@id\":\"https:\\\/\\\/lucetia.eu\\\/de\\\/artikel\\\/deutungen-auf-der-fachmesse\\\/#primaryimage\"},\"thumbnailUrl\":\"https:\\\/\\\/lucetia.eu\\\/wp-content\\\/uploads\\\/2025\\\/10\\\/Messut2.jpg\",\"datePublished\":\"2025-10-14T07:31:22+00:00\",\"breadcrumb\":{\"@id\":\"https:\\\/\\\/lucetia.eu\\\/de\\\/artikel\\\/deutungen-auf-der-fachmesse\\\/#breadcrumb\"},\"inLanguage\":\"de\",\"potentialAction\":[{\"@type\":\"ReadAction\",\"target\":[\"https:\\\/\\\/lucetia.eu\\\/de\\\/artikel\\\/deutungen-auf-der-fachmesse\\\/\"]}]},{\"@type\":\"ImageObject\",\"inLanguage\":\"de\",\"@id\":\"https:\\\/\\\/lucetia.eu\\\/de\\\/artikel\\\/deutungen-auf-der-fachmesse\\\/#primaryimage\",\"url\":\"https:\\\/\\\/lucetia.eu\\\/wp-content\\\/uploads\\\/2025\\\/10\\\/Messut2.jpg\",\"contentUrl\":\"https:\\\/\\\/lucetia.eu\\\/wp-content\\\/uploads\\\/2025\\\/10\\\/Messut2.jpg\",\"width\":1123,\"height\":1068},{\"@type\":\"BreadcrumbList\",\"@id\":\"https:\\\/\\\/lucetia.eu\\\/de\\\/artikel\\\/deutungen-auf-der-fachmesse\\\/#breadcrumb\",\"itemListElement\":[{\"@type\":\"ListItem\",\"position\":1,\"name\":\"Etusivu\",\"item\":\"http:\\\/\\\/lucetia.eu\\\/de\\\/\"},{\"@type\":\"ListItem\",\"position\":2,\"name\":\"Shop\",\"item\":\"https:\\\/\\\/lucetia.eu\\\/de\\\/shop\\\/\"},{\"@type\":\"ListItem\",\"position\":3,\"name\":\"Deutungen auf der Fachmesse\"}]},{\"@type\":\"WebSite\",\"@id\":\"http:\\\/\\\/lucetia.eu\\\/de\\\/#website\",\"url\":\"http:\\\/\\\/lucetia.eu\\\/de\\\/\",\"name\":\"Lucetia\",\"description\":\"Astrologi &amp; Lenormand-tulkitsija\",\"potentialAction\":[{\"@type\":\"SearchAction\",\"target\":{\"@type\":\"EntryPoint\",\"urlTemplate\":\"http:\\\/\\\/lucetia.eu\\\/de\\\/?s={search_term_string}\"},\"query-input\":{\"@type\":\"PropertyValueSpecification\",\"valueRequired\":true,\"valueName\":\"search_term_string\"}}],\"inLanguage\":\"de\"}]}<\/script>\n<!-- \/ Yoast SEO plugin. -->","yoast_head_json":{"title":"Deutungen auf der Fachmesse - Lucetia","robots":{"index":"index","follow":"follow","max-snippet":"max-snippet:-1","max-image-preview":"max-image-preview:large","max-video-preview":"max-video-preview:-1"},"canonical":"https:\/\/lucetia.eu\/de\/artikel\/deutungen-auf-der-fachmesse\/","og_locale":"de_DE","og_type":"article","og_title":"Deutungen auf der Fachmesse - Lucetia","og_description":"Deutungen auf der Fachmesse k\u00f6nnen 10 Minuten oder l\u00e4nger dauern (immer in 10-Minuten-Schritten). Wenn du eine Deutung buchst, die l\u00e4nger als 10 Minuten dauert, trage bitte auf der Buchungsliste deutlich die von dir gebuchte Zeit (zwei oder mehr aufeinanderfolgende Zeiten) ein.  F\u00fcr Lenormand-Lesungen kannst du 10 Minuten oder mehr buchen, f\u00fcr astrologische und kombinierte Lesungen m\u00fcssen jedoch mindestens 2 x 10 Minuten gebucht werden. Hinweis: Deutungen auf Fachmessen sind nur auf Fachmessen verf\u00fcgbar! F\u00fcr astrologische und kombinierte Lesungen ben\u00f6tige ich deine Geburtsdaten (Datum, Uhrzeit und Ort).","og_url":"https:\/\/lucetia.eu\/de\/artikel\/deutungen-auf-der-fachmesse\/","og_site_name":"Lucetia","og_image":[{"width":1123,"height":1068,"url":"https:\/\/lucetia.eu\/wp-content\/uploads\/2025\/10\/Messut2.jpg","type":"image\/jpeg"}],"twitter_card":"summary_large_image","schema":{"@context":"https:\/\/schema.org","@graph":[{"@type":"WebPage","@id":"https:\/\/lucetia.eu\/de\/artikel\/deutungen-auf-der-fachmesse\/","url":"https:\/\/lucetia.eu\/de\/artikel\/deutungen-auf-der-fachmesse\/","name":"Deutungen auf der Fachmesse - Lucetia","isPartOf":{"@id":"http:\/\/lucetia.eu\/de\/#website"},"primaryImageOfPage":{"@id":"https:\/\/lucetia.eu\/de\/artikel\/deutungen-auf-der-fachmesse\/#primaryimage"},"image":{"@id":"https:\/\/lucetia.eu\/de\/artikel\/deutungen-auf-der-fachmesse\/#primaryimage"},"thumbnailUrl":"https:\/\/lucetia.eu\/wp-content\/uploads\/2025\/10\/Messut2.jpg","datePublished":"2025-10-14T07:31:22+00:00","breadcrumb":{"@id":"https:\/\/lucetia.eu\/de\/artikel\/deutungen-auf-der-fachmesse\/#breadcrumb"},"inLanguage":"de","potentialAction":[{"@type":"ReadAction","target":["https:\/\/lucetia.eu\/de\/artikel\/deutungen-auf-der-fachmesse\/"]}]},{"@type":"ImageObject","inLanguage":"de","@id":"https:\/\/lucetia.eu\/de\/artikel\/deutungen-auf-der-fachmesse\/#primaryimage","url":"https:\/\/lucetia.eu\/wp-content\/uploads\/2025\/10\/Messut2.jpg","contentUrl":"https:\/\/lucetia.eu\/wp-content\/uploads\/2025\/10\/Messut2.jpg","width":1123,"height":1068},{"@type":"BreadcrumbList","@id":"https:\/\/lucetia.eu\/de\/artikel\/deutungen-auf-der-fachmesse\/#breadcrumb","itemListElement":[{"@type":"ListItem","position":1,"name":"Etusivu","item":"http:\/\/lucetia.eu\/de\/"},{"@type":"ListItem","position":2,"name":"Shop","item":"https:\/\/lucetia.eu\/de\/shop\/"},{"@type":"ListItem","position":3,"name":"Deutungen auf der Fachmesse"}]},{"@type":"WebSite","@id":"http:\/\/lucetia.eu\/de\/#website","url":"http:\/\/lucetia.eu\/de\/","name":"Lucetia","description":"Astrologi &amp; Lenormand-tulkitsija","potentialAction":[{"@type":"SearchAction","target":{"@type":"EntryPoint","urlTemplate":"http:\/\/lucetia.eu\/de\/?s={search_term_string}"},"query-input":{"@type":"PropertyValueSpecification","valueRequired":true,"valueName":"search_term_string"}}],"inLanguage":"de"}]}},"jetpack_sharing_enabled":true,"_links":{"self":[{"href":"https:\/\/lucetia.eu\/de\/wp-json\/wp\/v2\/product\/8221","targetHints":{"allow":["GET"]}}],"collection":[{"href":"https:\/\/lucetia.eu\/de\/wp-json\/wp\/v2\/product"}],"about":[{"href":"https:\/\/lucetia.eu\/de\/wp-json\/wp\/v2\/types\/product"}],"replies":[{"embeddable":true,"href":"https:\/\/lucetia.eu\/de\/wp-json\/wp\/v2\/comments?post=8221"}],"wp:featuredmedia":[{"embeddable":true,"href":"https:\/\/lucetia.eu\/de\/wp-json\/wp\/v2\/media\/8210"}],"wp:attachment":[{"href":"https:\/\/lucetia.eu\/de\/wp-json\/wp\/v2\/media?parent=8221"}],"wp:term":[{"taxonomy":"product_brand","embeddable":true,"href":"https:\/\/lucetia.eu\/de\/wp-json\/wp\/v2\/product_brand?post=8221"},{"taxonomy":"product_cat","embeddable":true,"href":"https:\/\/lucetia.eu\/de\/wp-json\/wp\/v2\/product_cat?post=8221"},{"taxonomy":"product_tag","embeddable":true,"href":"https:\/\/lucetia.eu\/de\/wp-json\/wp\/v2\/product_tag?post=8221"}],"curies":[{"name":"wp","href":"https:\/\/api.w.org\/{rel}","templated":true}]}}