{"id":7676,"date":"2025-06-25T19:42:51","date_gmt":"2025-06-25T16:42:51","guid":{"rendered":"http:\/\/lucetia.eu\/tuote\/stundenastrologische-beratung\/"},"modified":"2025-07-17T08:57:06","modified_gmt":"2025-07-17T05:57:06","slug":"stundenastrologische-beratung","status":"publish","type":"product","link":"https:\/\/lucetia.eu\/de\/artikel\/stundenastrologische-beratung\/","title":{"rendered":"Stundenastrologische Beratung"},"content":{"rendered":"<h2>Stundenastrologie<\/h2>\n<p>Stundenastrologie ist eine der \u00e4ltesten Formen der Astrologie. Dabei wird ein Horoskop f\u00fcr den Augenblick der Fragestellung berechnet. Mit der Stundenastrologie lassen sich alle Fragen, die mit Ja \/ Nein zu beantworten sind, analysieren \u2013 mit einem Blick auf kommende Entwicklungsrichtungen.<\/p>\n<p>Alle Preise verstehen sich inkl. der finnischen Mehrwertsteuer (ab 1.9.2024 25,5 %).<\/p>\n<p>Alle Beratungen sind pers\u00f6nlich, per Telefon oder WhatsApp m\u00f6glich, wenn nicht anders angegeben.<\/p>\n<p>Telefonische Beratungen werden im Voraus gebucht und bezahlt. Zum vereinbarten Zeitpunkt rufst du mich an.<\/p>\n<p>Die Zahlung f\u00fcr die telefonische Deutung kann per \u00dcberweisung, MobilePay oder \u00fcber den Online-Shop vor dem gebuchten Termin erfolgen. Die Zahlungsmodalit\u00e4ten werden Ihnen zum Zeitpunkt Ihres Termins mitgeteilt.<\/p>\n<p>Preise f\u00fcr die Schulungen und Workshops werden mit den Terminen bekannt gegeben.<\/p>\n<p>Anfragen, Anmeldungen und Buchungen per E-Mail oder Telefon werktags von 9-17 Uhr.<\/p>\n<p>Nicht sicher, ob dies die richtige Deutung f\u00fcr dich ist oder hast eine andere Frage zur Deutung? Ruf am besten unter +358-40-857 6512 an oder schick uns eine Nachricht:<\/p>\n<div data-test='contact-form'\n\t\t\tid='contact-form-7676'\n\t\t\tclass='jetpack-contact-form-container '\n\t\t\tdata-wp-interactive='jetpack\/form' data-wp-context='{\"formId\":\"7676\",\"formHash\":\"8282113ae548ea6b519489566a4dfb1441318db8\",\"showErrors\":false,\"errors\":[],\"fields\":[],\"isMultiStep\":false,\"useAjax\":true,\"submissionData\":null,\"formattedSubmissionData\":[],\"submissionSuccess\":false,\"submissionError\":null,\"elementId\":\"jp-form-8282113ae548ea6b519489566a4dfb1441318db8\",\"isSingleInputForm\":false,\"isForcedHorizontal\":false}'\n\t\t\tdata-wp-watch--scroll-to-wrapper=\"callbacks.scrollToWrapper\"\n\t\t>\n<div class=\"contact-form-submission contact-form-ajax-submission\" data-wp-bind--aria-hidden=\"state.isSuccessMessageAriaHidden\" data-wp-class--submission-success=\"context.submissionSuccess\" id=\"contact-form-success-8282113ae548ea6b519489566a4dfb1441318db8\" tabindex=\"-1\" aria-labelledby=\"contact-form-success-header-8282113ae548ea6b519489566a4dfb1441318db8\"><p class=\"go-back-message\"><a class=\"link\" role=\"button\" tabindex=\"0\" data-wp-on--click=\"actions.goBack\" href=\"\/de\/wp-json\/wp\/v2\/product\/7676\">\u2190 Zur\u00fcck<\/a><\/p><h4 data-wp-bind--aria-hidden=\"state.isSuccessMessageAriaHidden\" id=\"contact-form-success-header-8282113ae548ea6b519489566a4dfb1441318db8\">Vielen Dank f\u00fcr deine Antwort. \u2728<\/h4>\n\n<template data-wp-each--submission=\"context.formattedSubmissionData\">\n\t\t\t\t\t<div class=\"jetpack_forms_contact-form-success-summary\">\n\t\t\t\t\t\t<div class=\"field-name-wrapper\">\n\t\t\t\t\t\t\t<div class=\"field-type-icon\" data-wp-watch=\"callbacks.watchFieldTypeIcon\"><\/div>\n\t\t\t\t\t\t\t<div class=\"field-name\" data-wp-text=\"context.submission.label\" data-wp-bind--hidden=\"!context.submission.label\"><\/div>\n\t\t\t\t\t\t<\/div>\n\t\t\t\t\t\t<div class=\"field-value\" data-wp-text=\"context.submission.value\" data-wp-bind--hidden=\"!context.submission.showPlainValue\"><\/div>\n\t\t\t\t\t\t<a class=\"field-url\" data-wp-bind--href=\"context.submission.url\" data-wp-text=\"context.submission.value\" data-wp-bind--hidden=\"!context.submission.url\" target=\"_blank\" rel=\"noopener noreferrer\"><\/a>\n\t\t\t\t\t\t<div class=\"field-rating\" data-wp-bind--hidden=\"!context.submission.rating\" data-wp-watch=\"callbacks.watchRatingIcons\"><\/div>\n\t\t\t\t\t\t<div class=\"field-images\" data-wp-bind--hidden=\"!context.submission.images\">\n\t\t\t\t\t\t\t<template data-wp-each--image=\"context.submission.images\">\n\t\t\t\t\t\t\t\t<div class=\"field-image-option\" data-wp-class--is-empty=\"!context.image.src\">\n\t\t\t\t\t\t\t\t\t<figure class=\"field-image-option__image\" data-wp-class--is-empty=\"!context.image.src\">\n\t\t\t\t\t\t\t\t\t\t<img data-wp-bind--src=\"context.image.src\" data-wp-bind--hidden=\"!context.image.src\" \/>\n\t\t\t\t\t\t\t\t\t\t<img decoding=\"async\" src=\"data:image\/gif;base64,R0lGODlhAQABAAD\/ACwAAAAAAQABAAACADs=\" data-wp-bind--hidden=\"context.image.src\" \/>\n\t\t\t\t\t\t\t\t\t<\/figure>\n\t\t\t\t\t\t\t\t\t<div class=\"field-image-option__label-wrapper\">\n\t\t\t\t\t\t\t\t\t\t<span class=\"field-image-option__label-code\" data-wp-text=\"context.image.letterCode\"><\/span>\n\t\t\t\t\t\t\t\t\t\t<span class=\"field-image-option__label\" data-wp-text=\"context.image.label\" data-wp-bind--hidden=\"!context.image.label\"><\/span>\n\t\t\t\t\t\t\t\t\t<\/div>\n\t\t\t\t\t\t\t\t<\/div>\n\t\t\t\t\t\t\t<\/template>\n\t\t\t\t\t\t<\/div>\n\t\t\t\t\t\t<div class=\"field-files\" data-wp-bind--hidden=\"!context.submission.files\">\n\t\t\t\t\t\t\t<template data-wp-each--file=\"context.submission.files\">\n\t\t\t\t\t\t\t\t<div class=\"field-file\">\n\t\t\t\t\t\t\t\t\t<div class=\"field-file__thumbnail\" data-wp-style--background-image=\"context.file.previewUrl\" data-wp-style--mask-image=\"context.file.iconUrl\" data-wp-bind--hidden=\"!context.file.hasPreview\"><\/div>\n\t\t\t\t\t\t\t\t\t<svg class=\"field-file__icon\" data-wp-bind--hidden=\"context.file.hasPreview\" width=\"20\" height=\"20\" viewBox=\"0 0 24 24\" fill=\"none\" xmlns=\"http:\/\/www.w3.org\/2000\/svg\" aria-hidden=\"true\">\n\t\t\t\t\t\t\t\t\t\t<path d=\"M14 2H6C4.9 2 4 2.9 4 4V20C4 21.1 4.89 22 5.99 22H18C19.1 22 20 21.1 20 20V8L14 2ZM18 20H6V4H13V9H18V20Z\" fill=\"currentColor\"\/>\n\t\t\t\t\t\t\t\t\t<\/svg>\n\t\t\t\t\t\t\t\t\t<span class=\"field-file__name\" data-wp-text=\"context.file.name\"><\/span>\n\t\t\t\t\t\t\t\t\t<span class=\"field-file__size\" data-wp-text=\"context.file.size\"><\/span>\n\t\t\t\t\t\t\t\t<\/div>\n\t\t\t\t\t\t\t<\/template>\n\t\t\t\t\t\t<\/div>\n\t\t\t\t\t<\/div>\n\t\t\t\t<\/template><\/div><form action='https:\/\/lucetia.eu\/de\/artikel\/stundenastrologische-beratung\/'\n\t\t\t\tid='jp-form-8282113ae548ea6b519489566a4dfb1441318db8'\n\t\t\t\tmethod='post'\n\t\t\t\tclass='contact-form commentsblock jetpack-contact-form__form has-no-jetpack-form-layout' aria-label=\"Stundenastrologische Beratung\"\n\t\t\t\tdata-wp-on--submit=\"actions.onFormSubmit\"\n\t\t\t\tdata-wp-on--reset=\"actions.onFormReset\"\n\t\t\t\tdata-wp-class--submission-success=\"context.submissionSuccess\"\n\t\t\t\tdata-wp-class--is-first-step=\"state.isFirstStep\"\n\t\t\t\tdata-wp-class--is-last-step=\"state.isLastStep\"\n\t\t\t\tdata-wp-class--is-ajax-form=\"context.useAjax\"\n\t\t\t\tnovalidate >\n<input type='hidden' name='jetpack_contact_form_jwt' value='eyJ0eXAiOiJKV1QiLCJhbGciOiJIUzI1NiJ9.eyJlbmNyeXB0ZWRfYXR0cmlidXRlcyI6InBqdUdEY2F3L3U0MEs2bHBuUmcwSGJOT2k0T0NPNXNraGN5SmttMTBvUEFOWUtzL0x2MjBTbkx1clJVMllKTHM3VlJKc0pBaDVjbjdmMnNWNTNvYjUyVzJvZFRYZytjYVVzYzBiUUM3SkZBM2pxUXhrcFBWTDZlbVAzTVNWVWQ5TW9OWVg4TFk3Y21GcGsyNHdGTDVQRDhNT01jZzFGbVJQUkVscmUvajJyVjd4RDM5STZvcERiTGtDbVU5SXpzZVVIQWE4Qk5FUUR0a3h2VmFjakt4dnJBeXczWGNDVHJOaGY2b3g0QTNWTVN0angyVXNaOHJUTmFiUTFkQkdhemRia1Z3NmhEUDY3TEdmc3VUQVJ1Z3JYbXdKejBnMy85RHBPYTB4ZXhSVXdnb292KzVZbjFERHduMFcxMUd1OVJEWXJ1TVFUWjFHYXVZT2MrdVBtOGprVEk1MVEzbXV2eEV5Tm94QjlLRXBxZE5kVkhiR1U5S1FIbjNGcytpcU0yZTlUNXJza1I5YkE3RjBTN0luL0VOZmx1QlhMa3I0RFNpdDhib3o1dHBDWWRlYWhiakYyN1pweHRNTURrY0RFY2g3L1QveE83NjB0bm9Ed1k4VVhmbTRvWER5Q0pUNUZVczdNdTVKMXU0YzQxN2dTbnluTlRod1hVdVlEak90dXpqVzNwbGs1NEdXOUd0TSttVjZXWUlnZThUUTFQSVBRNVB5bHJ5aUozMWNManNPYlMwY3pHVUlHekpITXVDak05clh3ODhFaEl0VXNhQ1d6UHlFcVhSZUxxRXlVWkxzSTBYZm5idFBFMkdhWE0zVWpmZHJlNERRb0NVMSthMkpoM1k2bG1ndTJHYlJVTGwrTkZUYlZzRkM5RFFMQzZPODB3L3BHN051QmlQNGlOOElybUpVZWdTUmk2OXA0bXZ5cWZlSlhBdjIzT21FZ1B5SGlHM3VUMWZHSmt0MWYzRVVLaWtEU204TVpvNU1SRjFQVTdpT1VVa2tneS8ramFnWEtYejZVaHNKVGxyN3J5UDZ6VFhNMHJHeE9IZUJZQ3hFS2hLd2c2NU1nRFVoNExRaEdidjJSVG5pVzY3QjRidGhxRjI1dy9ienpGSDJGVTVRM0kyWWtETUpXN3pQSm5DbmFWb2M4alhVNm9UV1ZUTHpWK21mNlNURCtPM1NpV0I1T0tpdzdwOG1Xa1FhTkNOVHJDaWtZSGE5K3c1djVHSWVYQXQiLCJjb250ZW50IjoiW2NvbnRhY3QtZmllbGQgbGFiZWw9XCJOYW1lXCIgdHlwZT1cIm5hbWVcIiByZXF1aXJlZD1cIjFcIl1bY29udGFjdC1maWVsZCBsYWJlbD1cIkVtYWlsXCIgdHlwZT1cImVtYWlsXCIgcmVxdWlyZWQ9XCIxXCJdW2NvbnRhY3QtZmllbGQgbGFiZWw9XCJOYWNocmljaHRcIiB0eXBlPVwidGV4dGFyZWFcIiByZXF1aXJlZD1cIjFcIl0iLCJoYXNoIjoiODI4MjExM2FlNTQ4ZWE2YjUxOTQ4OTU2NmE0ZGZiMTQ0MTMxOGRiOCIsInNvdXJjZSI6eyJlbnRyeV90aXRsZSI6IlN0dW5kZW5hc3Ryb2xvZ2lzY2hlIEJlcmF0dW5nIiwiZW50cnlfcGFnZSI6MSwic291cmNlX2lkIjo3Njc2LCJzb3VyY2VfdHlwZSI6InNpbmdsZSIsInJlcXVlc3RfdXJsIjoiaHR0cHM6Ly9sdWNldGlhLmV1L2RlL3dwLWpzb24vd3AvdjIvcHJvZHVjdC83Njc2LyJ9LCJ2ZXJzaW9uIjoyLCJjaXBoZXIiOiJhZXMtMjU2LWdjbSJ9.BY3kAehpryvvs7Cbq2dGBjW7y2Hp2-fooxN5NjrHjMA' \/>\n\n<div style=\"\"  data-wp-interactive=\"jetpack\/form\" data-wp-context='{\"fieldId\":\"g7676-name\",\"fieldType\":\"name\",\"fieldLabel\":\"Name\",\"fieldValue\":\"\",\"fieldPlaceholder\":\"\",\"fieldIsRequired\":\"1\",\"fieldErrorMessage\":\"\",\"fieldExtra\":[],\"formHash\":\"8282113ae548ea6b519489566a4dfb1441318db8\"}'  class='grunion-field-name-wrap grunion-field-wrap'  data-wp-init='callbacks.initializeField' data-wp-on--jetpack-form-reset='callbacks.initializeField' >\n<label\n\t\t\t\tfor='g7676-name' class=\"grunion-field-label name\" >Name<span class=\"grunion-label-required\" aria-hidden=\"true\">(erforderlich)<\/span><\/label>\n<input\n\t\t\t\t\ttype='text'\n\t\t\t\t\tname='g7676-name'\n\t\t\t\t\tid='g7676-name'\n\t\t\t\t\tvalue=''\n\n\t\t\t\t\tdata-wp-bind--aria-invalid='state.fieldAriaInvalid'\n\t\t\t\t\tdata-wp-bind--value='state.getFieldValue'\n\t\t\t\t\taria-describedby='g7676-name-text-error-message'\n\t\t\t\t\tdata-wp-on--input='actions.onFieldChange'\n\t\t\t\t\tdata-wp-on--blur='actions.onFieldBlur'\n\t\t\t\t\tdata-wp-class--has-value='state.hasFieldValue'\n\n\t\t\t\t\tclass='name  grunion-field' \n\t\t\t\t\trequired='true' aria-required='true'  \/>\n \n\t\t\t<div id=\"g7676-name-text-error\" class=\"contact-form__input-error\" data-wp-class--has-errors=\"state.fieldHasErrors\">\n\t\t\t\t<span class=\"contact-form__warning-icon\" aria-hidden=\"true\">\n\t\t\t\t\t<svg width=\"16\" height=\"16\" viewBox=\"0 0 16 16\" fill=\"none\" xmlns=\"http:\/\/www.w3.org\/2000\/svg\">\n\t\t\t\t\t\t<path d=\"M8.50015 11.6402H7.50015V10.6402H8.50015V11.6402Z\" \/>\n\t\t\t\t\t\t<path d=\"M7.50015 9.64018H8.50015V6.30684H7.50015V9.64018Z\" \/>\n\t\t\t\t\t\t<path fill-rule=\"evenodd\" clip-rule=\"evenodd\" d=\"M6.98331 3.0947C7.42933 2.30177 8.57096 2.30177 9.01698 3.09469L13.8771 11.7349C14.3145 12.5126 13.7525 13.4735 12.8602 13.4735H3.14004C2.24774 13.4735 1.68575 12.5126 2.12321 11.7349L6.98331 3.0947ZM8.14541 3.58496C8.08169 3.47168 7.9186 3.47168 7.85488 3.58496L2.99478 12.2251C2.93229 12.3362 3.01257 12.4735 3.14004 12.4735H12.8602C12.9877 12.4735 13.068 12.3362 13.0055 12.2251L8.14541 3.58496Z\" \/>\n\t\t\t\t\t<\/svg>\n\t\t\t\t<\/span>\n\t\t\t\t<span data-wp-text=\"state.errorMessage\" id=\"g7676-name-text-error-message\"><\/span>\n\t\t\t<\/div> \n\t<\/div>\n\n<div style=\"\"  data-wp-interactive=\"jetpack\/form\" data-wp-context='{\"fieldId\":\"g7676-email\",\"fieldType\":\"email\",\"fieldLabel\":\"Email\",\"fieldValue\":\"\",\"fieldPlaceholder\":\"\",\"fieldIsRequired\":\"1\",\"fieldErrorMessage\":\"\",\"fieldExtra\":[],\"formHash\":\"8282113ae548ea6b519489566a4dfb1441318db8\"}'  class='grunion-field-email-wrap grunion-field-wrap'  data-wp-init='callbacks.initializeField' data-wp-on--jetpack-form-reset='callbacks.initializeField' >\n<label\n\t\t\t\tfor='g7676-email' class=\"grunion-field-label email\" >Email<span class=\"grunion-label-required\" aria-hidden=\"true\">(erforderlich)<\/span><\/label>\n<input\n\t\t\t\t\ttype='email'\n\t\t\t\t\tname='g7676-email'\n\t\t\t\t\tid='g7676-email'\n\t\t\t\t\tvalue=''\n\n\t\t\t\t\tdata-wp-bind--aria-invalid='state.fieldAriaInvalid'\n\t\t\t\t\tdata-wp-bind--value='state.getFieldValue'\n\t\t\t\t\taria-describedby='g7676-email-email-error-message'\n\t\t\t\t\tdata-wp-on--input='actions.onFieldChange'\n\t\t\t\t\tdata-wp-on--blur='actions.onFieldBlur'\n\t\t\t\t\tdata-wp-class--has-value='state.hasFieldValue'\n\n\t\t\t\t\tclass='email  grunion-field' \n\t\t\t\t\trequired='true' aria-required='true'  \/>\n \n\t\t\t<div id=\"g7676-email-email-error\" class=\"contact-form__input-error\" data-wp-class--has-errors=\"state.fieldHasErrors\">\n\t\t\t\t<span class=\"contact-form__warning-icon\" aria-hidden=\"true\">\n\t\t\t\t\t<svg width=\"16\" height=\"16\" viewBox=\"0 0 16 16\" fill=\"none\" xmlns=\"http:\/\/www.w3.org\/2000\/svg\">\n\t\t\t\t\t\t<path d=\"M8.50015 11.6402H7.50015V10.6402H8.50015V11.6402Z\" \/>\n\t\t\t\t\t\t<path d=\"M7.50015 9.64018H8.50015V6.30684H7.50015V9.64018Z\" \/>\n\t\t\t\t\t\t<path fill-rule=\"evenodd\" clip-rule=\"evenodd\" d=\"M6.98331 3.0947C7.42933 2.30177 8.57096 2.30177 9.01698 3.09469L13.8771 11.7349C14.3145 12.5126 13.7525 13.4735 12.8602 13.4735H3.14004C2.24774 13.4735 1.68575 12.5126 2.12321 11.7349L6.98331 3.0947ZM8.14541 3.58496C8.08169 3.47168 7.9186 3.47168 7.85488 3.58496L2.99478 12.2251C2.93229 12.3362 3.01257 12.4735 3.14004 12.4735H12.8602C12.9877 12.4735 13.068 12.3362 13.0055 12.2251L8.14541 3.58496Z\" \/>\n\t\t\t\t\t<\/svg>\n\t\t\t\t<\/span>\n\t\t\t\t<span data-wp-text=\"state.errorMessage\" id=\"g7676-email-email-error-message\"><\/span>\n\t\t\t<\/div> \n\t<\/div>\n\n<div style=\"\"  data-wp-interactive=\"jetpack\/form\" data-wp-context='{\"fieldId\":\"g7676-nachricht\",\"fieldType\":\"textarea\",\"fieldLabel\":\"Nachricht\",\"fieldValue\":\"\",\"fieldPlaceholder\":\"\",\"fieldIsRequired\":\"1\",\"fieldErrorMessage\":\"\",\"fieldExtra\":[],\"formHash\":\"8282113ae548ea6b519489566a4dfb1441318db8\"}'  class='grunion-field-textarea-wrap grunion-field-wrap'  data-wp-init='callbacks.initializeField' data-wp-on--jetpack-form-reset='callbacks.initializeField' >\n<label\n\t\t\t\tfor='contact-form-comment-g7676-nachricht' class=\"grunion-field-label textarea\" >Nachricht<span class=\"grunion-label-required\" aria-hidden=\"true\">(erforderlich)<\/span><\/label>\n<textarea\n\t\t                style=''\n\t\t                name='g7676-nachricht'\n\t\t                id='contact-form-comment-g7676-nachricht'\n\t\t                rows='20'\n\t\t\t\t\t\tdata-wp-text='state.getFieldValue'\n\t\t\t\t\t\tdata-wp-on--input='actions.onFieldChange'\n\t\t\t\t\t\tdata-wp-on--blur='actions.onFieldBlur'\n\t\t\t\t\t\tdata-wp-class--has-value='state.hasFieldValue'\n\t\t\t\t\t\taria-describedby='g7676-nachricht-textarea-error-message'\n\t\t\t\t\t\tdata-wp-bind--aria-invalid='state.fieldAriaInvalid'\n\t\t\t\t\t\tclass='textarea  grunion-field'  required aria-required='true'><\/textarea>\n \n\t\t\t<div id=\"g7676-nachricht-textarea-error\" class=\"contact-form__input-error\" data-wp-class--has-errors=\"state.fieldHasErrors\">\n\t\t\t\t<span class=\"contact-form__warning-icon\" aria-hidden=\"true\">\n\t\t\t\t\t<svg width=\"16\" height=\"16\" viewBox=\"0 0 16 16\" fill=\"none\" xmlns=\"http:\/\/www.w3.org\/2000\/svg\">\n\t\t\t\t\t\t<path d=\"M8.50015 11.6402H7.50015V10.6402H8.50015V11.6402Z\" \/>\n\t\t\t\t\t\t<path d=\"M7.50015 9.64018H8.50015V6.30684H7.50015V9.64018Z\" \/>\n\t\t\t\t\t\t<path fill-rule=\"evenodd\" clip-rule=\"evenodd\" d=\"M6.98331 3.0947C7.42933 2.30177 8.57096 2.30177 9.01698 3.09469L13.8771 11.7349C14.3145 12.5126 13.7525 13.4735 12.8602 13.4735H3.14004C2.24774 13.4735 1.68575 12.5126 2.12321 11.7349L6.98331 3.0947ZM8.14541 3.58496C8.08169 3.47168 7.9186 3.47168 7.85488 3.58496L2.99478 12.2251C2.93229 12.3362 3.01257 12.4735 3.14004 12.4735H12.8602C12.9877 12.4735 13.068 12.3362 13.0055 12.2251L8.14541 3.58496Z\" \/>\n\t\t\t\t\t<\/svg>\n\t\t\t\t<\/span>\n\t\t\t\t<span data-wp-text=\"state.errorMessage\" id=\"g7676-nachricht-textarea-error-message\"><\/span>\n\t\t\t<\/div>\n\t<\/div>\n\t<p class='contact-submit'>\n<div class=\"contact-form__error\" data-wp-class--show-errors=\"state.showFormErrors\"><span class=\"contact-form__warning-icon\" aria-hidden=\"true\"><i><\/i><\/span><span class=\"contact-form__error-message\" tabindex=\"-1\" data-wp-watch=\"callbacks.focusOnValidationError\" data-wp-text=\"state.getFormErrorMessage\"><\/span><ul aria-label=\"Formularfehler\">\n\t\t\t\t<template data-wp-each=\"state.getErrorList\" data-wp-key=\"context.item.id\">\n\t\t\t\t\t<li><a data-wp-bind--href=\"context.item.anchor\" data-wp-on--click=\"actions.scrollIntoView\" data-wp-text=\"context.item.label\"><\/a><\/li>\n\t\t\t\t<\/template>\n\t\t\t\t<\/ul><\/div><div class=\"contact-form__error\" data-wp-class--show-errors=\"state.showSubmissionError\" data-wp-text=\"context.submissionError\" tabindex=\"-1\" data-wp-watch=\"callbacks.focusOnSubmissionError\"><\/div>\t\t<button type='submit' class='pushbutton-wide'>Senden<\/button>\t\t<input type='hidden' name='contact-form-id' value='7676' \/>\n\t\t<input type='hidden' name='action' value='grunion-contact-form' \/>\n\t\t<input type='hidden' name='contact-form-hash' value='8282113ae548ea6b519489566a4dfb1441318db8' \/>\n\t<\/p>\n<\/form>\n<\/div>\n","protected":false},"excerpt":{"rendered":"<p>Preis 70 EUR pro Frage.<br \/>\nBitte die stundenastrologische Frage gleich bei Terminvereinbarung angeben.<\/p>\n<h2>Nach der Bestellung<\/h2>\n<p>Ich werde dich per Email kontaktieren, um einen Termin f\u00fcr die Beratung zu vereinbaren. Sobald die Beratung erfolgreich gebucht ist, erhaltest du eine Email-Best\u00e4tigung mit den Details der Beratung. Falls eine telefonische Beratung vereinbart wurde, wird die Telefonnummer, unter der ich deinen Anruf zur vereinbarten Zeit erwarte, auch in dieser Email best\u00e4tigt.<\/p>\n","protected":false},"featured_media":7836,"comment_status":"open","ping_status":"closed","template":"","meta":[],"product_brand":[],"product_cat":[253],"product_tag":[],"class_list":{"0":"post-7676","1":"product","2":"type-product","3":"status-publish","4":"has-post-thumbnail","6":"product_cat-astrologie","8":"first","9":"instock","10":"virtual","11":"taxable","12":"purchasable","13":"product-type-simple"},"yoast_head":"<!-- This site is optimized with the Yoast SEO plugin v27.3 - https:\/\/yoast.com\/product\/yoast-seo-wordpress\/ -->\n<title>Stundenastrologische Beratung - Lucetia<\/title>\n<meta name=\"robots\" content=\"index, follow, max-snippet:-1, max-image-preview:large, max-video-preview:-1\" \/>\n<link rel=\"canonical\" href=\"https:\/\/lucetia.eu\/de\/artikel\/stundenastrologische-beratung\/\" \/>\n<meta property=\"og:locale\" content=\"de_DE\" \/>\n<meta property=\"og:type\" content=\"article\" \/>\n<meta property=\"og:title\" content=\"Stundenastrologische Beratung - Lucetia\" \/>\n<meta property=\"og:description\" content=\"Preis 70 EUR pro Frage. Bitte die stundenastrologische Frage gleich bei Terminvereinbarung angeben. Nach der Bestellung Ich werde dich per Email kontaktieren, um einen Termin f\u00fcr die Beratung zu vereinbaren. Sobald die Beratung erfolgreich gebucht ist, erhaltest du eine Email-Best\u00e4tigung mit den Details der Beratung. Falls eine telefonische Beratung vereinbart wurde, wird die Telefonnummer, unter der ich deinen Anruf zur vereinbarten Zeit erwarte, auch in dieser Email best\u00e4tigt.\" \/>\n<meta property=\"og:url\" content=\"https:\/\/lucetia.eu\/de\/artikel\/stundenastrologische-beratung\/\" \/>\n<meta property=\"og:site_name\" content=\"Lucetia\" \/>\n<meta property=\"article:modified_time\" content=\"2025-07-17T05:57:06+00:00\" \/>\n<meta property=\"og:image\" content=\"https:\/\/lucetia.eu\/wp-content\/uploads\/2025\/06\/Horary-1.jpg\" \/>\n\t<meta property=\"og:image:width\" content=\"1123\" \/>\n\t<meta property=\"og:image:height\" content=\"1068\" \/>\n\t<meta property=\"og:image:type\" content=\"image\/jpeg\" \/>\n<meta name=\"twitter:card\" content=\"summary_large_image\" \/>\n<meta name=\"twitter:label1\" content=\"Gesch\u00e4tzte Lesezeit\" \/>\n\t<meta name=\"twitter:data1\" content=\"2\u00a0Minuten\" \/>\n<script type=\"application\/ld+json\" class=\"yoast-schema-graph\">{\"@context\":\"https:\\\/\\\/schema.org\",\"@graph\":[{\"@type\":\"WebPage\",\"@id\":\"https:\\\/\\\/lucetia.eu\\\/de\\\/artikel\\\/stundenastrologische-beratung\\\/\",\"url\":\"https:\\\/\\\/lucetia.eu\\\/de\\\/artikel\\\/stundenastrologische-beratung\\\/\",\"name\":\"Stundenastrologische Beratung - Lucetia\",\"isPartOf\":{\"@id\":\"https:\\\/\\\/lucetia.eu\\\/de\\\/#website\"},\"primaryImageOfPage\":{\"@id\":\"https:\\\/\\\/lucetia.eu\\\/de\\\/artikel\\\/stundenastrologische-beratung\\\/#primaryimage\"},\"image\":{\"@id\":\"https:\\\/\\\/lucetia.eu\\\/de\\\/artikel\\\/stundenastrologische-beratung\\\/#primaryimage\"},\"thumbnailUrl\":\"https:\\\/\\\/lucetia.eu\\\/wp-content\\\/uploads\\\/2025\\\/06\\\/Horary-1.jpg\",\"datePublished\":\"2025-06-25T16:42:51+00:00\",\"dateModified\":\"2025-07-17T05:57:06+00:00\",\"breadcrumb\":{\"@id\":\"https:\\\/\\\/lucetia.eu\\\/de\\\/artikel\\\/stundenastrologische-beratung\\\/#breadcrumb\"},\"inLanguage\":\"de\",\"potentialAction\":[{\"@type\":\"ReadAction\",\"target\":[\"https:\\\/\\\/lucetia.eu\\\/de\\\/artikel\\\/stundenastrologische-beratung\\\/\"]}]},{\"@type\":\"ImageObject\",\"inLanguage\":\"de\",\"@id\":\"https:\\\/\\\/lucetia.eu\\\/de\\\/artikel\\\/stundenastrologische-beratung\\\/#primaryimage\",\"url\":\"https:\\\/\\\/lucetia.eu\\\/wp-content\\\/uploads\\\/2025\\\/06\\\/Horary-1.jpg\",\"contentUrl\":\"https:\\\/\\\/lucetia.eu\\\/wp-content\\\/uploads\\\/2025\\\/06\\\/Horary-1.jpg\",\"width\":1123,\"height\":1068},{\"@type\":\"BreadcrumbList\",\"@id\":\"https:\\\/\\\/lucetia.eu\\\/de\\\/artikel\\\/stundenastrologische-beratung\\\/#breadcrumb\",\"itemListElement\":[{\"@type\":\"ListItem\",\"position\":1,\"name\":\"Etusivu\",\"item\":\"https:\\\/\\\/lucetia.eu\\\/de\\\/\"},{\"@type\":\"ListItem\",\"position\":2,\"name\":\"Shop\",\"item\":\"https:\\\/\\\/lucetia.eu\\\/de\\\/shop\\\/\"},{\"@type\":\"ListItem\",\"position\":3,\"name\":\"Stundenastrologische Beratung\"}]},{\"@type\":\"WebSite\",\"@id\":\"https:\\\/\\\/lucetia.eu\\\/de\\\/#website\",\"url\":\"https:\\\/\\\/lucetia.eu\\\/de\\\/\",\"name\":\"Lucetia\",\"description\":\"Astrologi &amp; Lenormand-tulkitsija\",\"potentialAction\":[{\"@type\":\"SearchAction\",\"target\":{\"@type\":\"EntryPoint\",\"urlTemplate\":\"https:\\\/\\\/lucetia.eu\\\/de\\\/?s={search_term_string}\"},\"query-input\":{\"@type\":\"PropertyValueSpecification\",\"valueRequired\":true,\"valueName\":\"search_term_string\"}}],\"inLanguage\":\"de\"}]}<\/script>\n<!-- \/ Yoast SEO plugin. -->","yoast_head_json":{"title":"Stundenastrologische Beratung - Lucetia","robots":{"index":"index","follow":"follow","max-snippet":"max-snippet:-1","max-image-preview":"max-image-preview:large","max-video-preview":"max-video-preview:-1"},"canonical":"https:\/\/lucetia.eu\/de\/artikel\/stundenastrologische-beratung\/","og_locale":"de_DE","og_type":"article","og_title":"Stundenastrologische Beratung - Lucetia","og_description":"Preis 70 EUR pro Frage. Bitte die stundenastrologische Frage gleich bei Terminvereinbarung angeben. Nach der Bestellung Ich werde dich per Email kontaktieren, um einen Termin f\u00fcr die Beratung zu vereinbaren. Sobald die Beratung erfolgreich gebucht ist, erhaltest du eine Email-Best\u00e4tigung mit den Details der Beratung. Falls eine telefonische Beratung vereinbart wurde, wird die Telefonnummer, unter der ich deinen Anruf zur vereinbarten Zeit erwarte, auch in dieser Email best\u00e4tigt.","og_url":"https:\/\/lucetia.eu\/de\/artikel\/stundenastrologische-beratung\/","og_site_name":"Lucetia","article_modified_time":"2025-07-17T05:57:06+00:00","og_image":[{"width":1123,"height":1068,"url":"https:\/\/lucetia.eu\/wp-content\/uploads\/2025\/06\/Horary-1.jpg","type":"image\/jpeg"}],"twitter_card":"summary_large_image","twitter_misc":{"Gesch\u00e4tzte Lesezeit":"2\u00a0Minuten"},"schema":{"@context":"https:\/\/schema.org","@graph":[{"@type":"WebPage","@id":"https:\/\/lucetia.eu\/de\/artikel\/stundenastrologische-beratung\/","url":"https:\/\/lucetia.eu\/de\/artikel\/stundenastrologische-beratung\/","name":"Stundenastrologische Beratung - Lucetia","isPartOf":{"@id":"https:\/\/lucetia.eu\/de\/#website"},"primaryImageOfPage":{"@id":"https:\/\/lucetia.eu\/de\/artikel\/stundenastrologische-beratung\/#primaryimage"},"image":{"@id":"https:\/\/lucetia.eu\/de\/artikel\/stundenastrologische-beratung\/#primaryimage"},"thumbnailUrl":"https:\/\/lucetia.eu\/wp-content\/uploads\/2025\/06\/Horary-1.jpg","datePublished":"2025-06-25T16:42:51+00:00","dateModified":"2025-07-17T05:57:06+00:00","breadcrumb":{"@id":"https:\/\/lucetia.eu\/de\/artikel\/stundenastrologische-beratung\/#breadcrumb"},"inLanguage":"de","potentialAction":[{"@type":"ReadAction","target":["https:\/\/lucetia.eu\/de\/artikel\/stundenastrologische-beratung\/"]}]},{"@type":"ImageObject","inLanguage":"de","@id":"https:\/\/lucetia.eu\/de\/artikel\/stundenastrologische-beratung\/#primaryimage","url":"https:\/\/lucetia.eu\/wp-content\/uploads\/2025\/06\/Horary-1.jpg","contentUrl":"https:\/\/lucetia.eu\/wp-content\/uploads\/2025\/06\/Horary-1.jpg","width":1123,"height":1068},{"@type":"BreadcrumbList","@id":"https:\/\/lucetia.eu\/de\/artikel\/stundenastrologische-beratung\/#breadcrumb","itemListElement":[{"@type":"ListItem","position":1,"name":"Etusivu","item":"https:\/\/lucetia.eu\/de\/"},{"@type":"ListItem","position":2,"name":"Shop","item":"https:\/\/lucetia.eu\/de\/shop\/"},{"@type":"ListItem","position":3,"name":"Stundenastrologische Beratung"}]},{"@type":"WebSite","@id":"https:\/\/lucetia.eu\/de\/#website","url":"https:\/\/lucetia.eu\/de\/","name":"Lucetia","description":"Astrologi &amp; Lenormand-tulkitsija","potentialAction":[{"@type":"SearchAction","target":{"@type":"EntryPoint","urlTemplate":"https:\/\/lucetia.eu\/de\/?s={search_term_string}"},"query-input":{"@type":"PropertyValueSpecification","valueRequired":true,"valueName":"search_term_string"}}],"inLanguage":"de"}]}},"jetpack_sharing_enabled":true,"_links":{"self":[{"href":"https:\/\/lucetia.eu\/de\/wp-json\/wp\/v2\/product\/7676","targetHints":{"allow":["GET"]}}],"collection":[{"href":"https:\/\/lucetia.eu\/de\/wp-json\/wp\/v2\/product"}],"about":[{"href":"https:\/\/lucetia.eu\/de\/wp-json\/wp\/v2\/types\/product"}],"replies":[{"embeddable":true,"href":"https:\/\/lucetia.eu\/de\/wp-json\/wp\/v2\/comments?post=7676"}],"wp:featuredmedia":[{"embeddable":true,"href":"https:\/\/lucetia.eu\/de\/wp-json\/wp\/v2\/media\/7836"}],"wp:attachment":[{"href":"https:\/\/lucetia.eu\/de\/wp-json\/wp\/v2\/media?parent=7676"}],"wp:term":[{"taxonomy":"product_brand","embeddable":true,"href":"https:\/\/lucetia.eu\/de\/wp-json\/wp\/v2\/product_brand?post=7676"},{"taxonomy":"product_cat","embeddable":true,"href":"https:\/\/lucetia.eu\/de\/wp-json\/wp\/v2\/product_cat?post=7676"},{"taxonomy":"product_tag","embeddable":true,"href":"https:\/\/lucetia.eu\/de\/wp-json\/wp\/v2\/product_tag?post=7676"}],"curies":[{"name":"wp","href":"https:\/\/api.w.org\/{rel}","templated":true}]}}