{"id":7578,"date":"2024-01-05T23:12:33","date_gmt":"2024-01-05T21:12:33","guid":{"rendered":"http:\/\/lucetia.eu\/?page_id=7578"},"modified":"2026-04-07T11:29:50","modified_gmt":"2026-04-07T08:29:50","slug":"termine","status":"publish","type":"page","link":"https:\/\/lucetia.eu\/de\/termine\/","title":{"rendered":"Termine"},"content":{"rendered":"[vc_row type=&#8220;in_container&#8220; full_screen_row_position=&#8220;middle&#8220; column_margin=&#8220;default&#8220; column_direction=&#8220;default&#8220; column_direction_tablet=&#8220;default&#8220; column_direction_phone=&#8220;default&#8220; scene_position=&#8220;center&#8220; top_margin=&#8220;20px&#8220; text_color=&#8220;dark&#8220; text_align=&#8220;left&#8220; row_border_radius=&#8220;none&#8220; row_border_radius_applies=&#8220;bg&#8220; row_position_desktop=&#8220;default&#8220; row_position_tablet=&#8220;inherit&#8220; row_position_phone=&#8220;inherit&#8220; overflow=&#8220;visible&#8220; overlay_strength=&#8220;0.3&#8243; gradient_direction=&#8220;left_to_right&#8220; shape_divider_position=&#8220;bottom&#8220; bg_image_animation=&#8220;none&#8220; gradient_type=&#8220;default&#8220; shape_type=&#8220;&#8220;][vc_column column_padding=&#8220;no-extra-padding&#8220; column_padding_tablet=&#8220;inherit&#8220; column_padding_phone=&#8220;inherit&#8220; column_padding_position=&#8220;all&#8220; flex_gap_desktop=&#8220;10px&#8220; column_element_direction_desktop=&#8220;default&#8220; column_element_spacing=&#8220;default&#8220; desktop_text_alignment=&#8220;default&#8220; tablet_text_alignment=&#8220;default&#8220; phone_text_alignment=&#8220;default&#8220; background_color_opacity=&#8220;1&#8243; background_hover_color_opacity=&#8220;1&#8243; column_backdrop_filter=&#8220;none&#8220; column_shadow=&#8220;none&#8220; column_border_radius=&#8220;none&#8220; column_link_target=&#8220;_self&#8220; column_position=&#8220;default&#8220; gradient_direction=&#8220;left_to_right&#8220; overlay_strength=&#8220;0.3&#8243; width=&#8220;1\/1&#8243; tablet_width_inherit=&#8220;default&#8220; animation_type=&#8220;default&#8220; bg_image_animation=&#8220;none&#8220; border_type=&#8220;simple&#8220; column_border_width=&#8220;none&#8220; column_border_style=&#8220;solid&#8220;][vc_column_text css=&#8220;&#8220; text_direction=&#8220;default&#8220;]\n<h3 id=\"lenormand-tulkintoja\" class=\"wp-block-heading\">Astrologische Beratungen und Lenormand-Legungen<\/h3>\n<p><strong>Mi 08.04.2026 11.00-12.00 Uhr<br \/>\nSa 11.04.2026 11.00-12.00 Uhr<\/strong><\/p>\n<p>Lucetia\u2019s Servicenummer <a href=\"tel:07008%207800\">0700 87 800<\/a> (2,98\u20ac\/min+Orts-\/Mobilfunkgeb\u00fchr).<\/p>\n<p>Die Servicenummer ist nur von finnischen Telefonanschl\u00fcssen aus erreichbar.[\/vc_column_text][\/vc_column][\/vc_row][vc_row type=&#8220;in_container&#8220; full_screen_row_position=&#8220;middle&#8220; column_margin=&#8220;default&#8220; column_direction=&#8220;default&#8220; column_direction_tablet=&#8220;default&#8220; column_direction_phone=&#8220;default&#8220; scene_position=&#8220;center&#8220; text_color=&#8220;dark&#8220; text_align=&#8220;left&#8220; row_border_radius=&#8220;none&#8220; row_border_radius_applies=&#8220;bg&#8220; row_position_desktop=&#8220;default&#8220; row_position_tablet=&#8220;inherit&#8220; row_position_phone=&#8220;inherit&#8220; overflow=&#8220;visible&#8220; overlay_strength=&#8220;0.3&#8243; gradient_direction=&#8220;left_to_right&#8220; shape_divider_position=&#8220;bottom&#8220; bg_image_animation=&#8220;none&#8220;][vc_column column_padding=&#8220;no-extra-padding&#8220; column_padding_tablet=&#8220;inherit&#8220; column_padding_phone=&#8220;inherit&#8220; column_padding_position=&#8220;all&#8220; flex_gap_desktop=&#8220;10px&#8220; column_element_direction_desktop=&#8220;default&#8220; column_element_spacing=&#8220;default&#8220; desktop_text_alignment=&#8220;default&#8220; tablet_text_alignment=&#8220;default&#8220; phone_text_alignment=&#8220;default&#8220; background_color_opacity=&#8220;1&#8243; background_hover_color_opacity=&#8220;1&#8243; column_backdrop_filter=&#8220;none&#8220; column_shadow=&#8220;none&#8220; column_border_radius=&#8220;none&#8220; column_link_target=&#8220;_self&#8220; column_position=&#8220;default&#8220; gradient_direction=&#8220;left_to_right&#8220; overlay_strength=&#8220;0.3&#8243; width=&#8220;1\/1&#8243; tablet_width_inherit=&#8220;default&#8220; animation_type=&#8220;default&#8220; bg_image_animation=&#8220;none&#8220; border_type=&#8220;simple&#8220; column_border_width=&#8220;none&#8220; column_border_style=&#8220;solid&#8220;][vc_column_text css=&#8220;&#8220; text_direction=&#8220;default&#8220;]\n<h3 id=\"lenormand-tulkintoja\" class=\"wp-block-heading\">Astrologian \u00e4\u00e4rell\u00e4 Live Stream<\/h3>\n<p><strong>Interaktives Stream Mo, Mi und Sa um 10.00 Uhr<\/strong><strong><br \/>\nAstrologischer Live Stream<\/strong><\/p>\n<p><img loading=\"lazy\" decoding=\"async\" class=\"wp-image-8039 size-medium aligncenter\" src=\"http:\/\/lucetia.eu\/wp-content\/uploads\/2025\/08\/Astrologian-aarella-2025De-300x197.jpg\" alt=\"\" width=\"300\" height=\"197\" srcset=\"https:\/\/lucetia.eu\/wp-content\/uploads\/2025\/08\/Astrologian-aarella-2025De-300x197.jpg 300w, https:\/\/lucetia.eu\/wp-content\/uploads\/2025\/08\/Astrologian-aarella-2025De-600x394.jpg 600w, https:\/\/lucetia.eu\/wp-content\/uploads\/2025\/08\/Astrologian-aarella-2025De.jpg 640w\" sizes=\"auto, (max-width: 300px) 100vw, 300px\" \/><\/p>\n<p>In <strong>Astrologian \u00e4\u00e4rell\u00e4<\/strong>-Stream behandelt Jaana aktuelle astrologische Konstellationen wie Neumond und Vollmond, R\u00fcckl\u00e4ufigkeit der Planeten und VOC-Mond. In ihrer Sendung stellt sie auch die Grundlagen der Astrologie vor. Tauche mit ihr in die faszinierende Welt der Astrologie ein: <strong>Astrologian \u00e4\u00e4rell\u00e4<\/strong> montags, mittwochs und samstags um 10 Uhr auf Lucetia&#8217;s <a href=\"https:\/\/www.facebook.com\/profile.php?id=100057096655875\"><strong>Facebook<\/strong><\/a> und <a href=\"https:\/\/www.youtube.com\/@Lucetia\"> <strong>YouTube<\/strong><\/a>.<\/p>\n<p><strong>Astrologian \u00e4\u00e4rell\u00e4<\/strong> ist ein Live-Steam der professsionellen Astrologin Jaana Rusi, den du live auf Lucetia&#8217;s YouTube-Kanal (www.youtube.com\/@Lucetia) und Facebook verfolgen kannst. In <strong>Astrologian \u00e4\u00e4rell\u00e4<\/strong> -Live-Stream Jaana behandelt aktuelle astrologische Aspekte. Dar\u00fcber hinaus behandelt Jaana verschiedene astrologische Themen, die ebenso zur Selbsterkenntnis beitragen.<\/p>\n<p>Du kannst am Livestream mitwirken, indem du \u00fcber das Thema des Tages chattst. Du kannst auch Jaana mitteilen, von welchen astrologischen Themen du gern mehr in <strong>Astrologian \u00e4\u00e4rell\u00e4<\/strong> h\u00f6ren m\u00f6chtest. Zus\u00e4tzlich kannst du auch beim Livestream anrufen und unter Tel 0700 87 800 um eine individuelle Deutung deines Horoskops zu bekommen. Der Anruf kostet (Preis 2,98\u20ac\/min+Ortistarif\/Mobilfunkgeb\u00fchr).<\/p>\n<p>Nach dem Livestream ist Jaana noch etwa eine Stunde lang unter derselben Nummer erreichbar.<\/p>\n<p>Wenn du weitere \u00e4hnliche Streams zum Thema Astrologie sehen m\u00f6chtest, abonniere den YouTube-Kanal von Lucetia unter @Lucetia.<\/p>\n<p>Fr\u00fchere Sendungen findest du im Bereich <a href=\"https:\/\/lucetia.eu\/striimi\/\">Striimi<\/a> auf meiner Website.[\/vc_column_text][\/vc_column][\/vc_row][vc_row type=&#8220;in_container&#8220; full_screen_row_position=&#8220;middle&#8220; column_margin=&#8220;default&#8220; column_direction=&#8220;default&#8220; column_direction_tablet=&#8220;default&#8220; column_direction_phone=&#8220;default&#8220; scene_position=&#8220;center&#8220; text_color=&#8220;dark&#8220; text_align=&#8220;left&#8220; row_border_radius=&#8220;none&#8220; row_border_radius_applies=&#8220;bg&#8220; row_position_desktop=&#8220;default&#8220; row_position_tablet=&#8220;inherit&#8220; row_position_phone=&#8220;inherit&#8220; overflow=&#8220;visible&#8220; overlay_strength=&#8220;0.3&#8243; gradient_direction=&#8220;left_to_right&#8220; shape_divider_position=&#8220;bottom&#8220; bg_image_animation=&#8220;none&#8220;][vc_column column_padding=&#8220;no-extra-padding&#8220; column_padding_tablet=&#8220;inherit&#8220; column_padding_phone=&#8220;inherit&#8220; column_padding_position=&#8220;all&#8220; flex_gap_desktop=&#8220;10px&#8220; column_element_direction_desktop=&#8220;default&#8220; column_element_spacing=&#8220;default&#8220; desktop_text_alignment=&#8220;default&#8220; tablet_text_alignment=&#8220;default&#8220; phone_text_alignment=&#8220;default&#8220; background_color_opacity=&#8220;1&#8243; background_hover_color_opacity=&#8220;1&#8243; column_backdrop_filter=&#8220;none&#8220; column_shadow=&#8220;none&#8220; column_border_radius=&#8220;none&#8220; column_link_target=&#8220;_self&#8220; column_position=&#8220;default&#8220; gradient_direction=&#8220;left_to_right&#8220; overlay_strength=&#8220;0.3&#8243; width=&#8220;1\/1&#8243; tablet_width_inherit=&#8220;default&#8220; animation_type=&#8220;default&#8220; bg_image_animation=&#8220;none&#8220; border_type=&#8220;simple&#8220; column_border_width=&#8220;none&#8220; column_border_style=&#8220;solid&#8220;][vc_column_text css=&#8220;&#8220; text_direction=&#8220;default&#8220;]\n<h3><strong>Astrologische Beratungen und Lenormand-Legungen<\/strong><\/h3>\n<p><strong>25.04.2026 10-20 Uhr<br \/>\nEspoo<\/strong><\/p>\n<p>Valon P\u00e4iv\u00e4t<br \/>\nDipoli<br \/>\nOtakaari 24<br \/>\n02150 Espoo<\/p>\n<p><a href=\"https:\/\/maps.app.goo.gl\/fXJdAWCfMwYJ8Bbv9\">Auf Karte anzeigen<\/a><\/p>\n<p>Vorab-Anmeldungen ab sofort m\u00f6glich entwerder telefonisch 040 857 6512 oder per Email an <a href=\"mailto:mail@lucetia.eu\">mail[at]lucetia.eu<\/a>. Anmeldungen vor Ort auch m\u00f6glich.<\/p>\n<p>Deutungen 20 EUR\/10 min, Bezahlung bar oder per MobilePay.<\/p>\n<p>Zur Kombi-Beratung bitte mindestens 2 x 10 min buchen. F\u00fcr astrologische und Kombi-Beratungen bitte Geburtsdaten mitbringen.<\/p>\n<p>Wenn du einen Ausdruck deines Horoskops mitnehmen m\u00f6chtest, bitte einen Termin im Voraus buchen und dabei deine Geburtsdaten angeben.[\/vc_column_text][\/vc_column][\/vc_row][vc_row type=&#8220;in_container&#8220; full_screen_row_position=&#8220;middle&#8220; column_margin=&#8220;default&#8220; column_direction=&#8220;default&#8220; column_direction_tablet=&#8220;default&#8220; column_direction_phone=&#8220;default&#8220; scene_position=&#8220;center&#8220; text_color=&#8220;dark&#8220; text_align=&#8220;left&#8220; row_border_radius=&#8220;none&#8220; row_border_radius_applies=&#8220;bg&#8220; row_position_desktop=&#8220;default&#8220; row_position_tablet=&#8220;inherit&#8220; row_position_phone=&#8220;inherit&#8220; overflow=&#8220;visible&#8220; overlay_strength=&#8220;0.3&#8243; gradient_direction=&#8220;left_to_right&#8220; shape_divider_position=&#8220;bottom&#8220; bg_image_animation=&#8220;none&#8220;][vc_column column_padding=&#8220;no-extra-padding&#8220; column_padding_tablet=&#8220;inherit&#8220; column_padding_phone=&#8220;inherit&#8220; column_padding_position=&#8220;all&#8220; flex_gap_desktop=&#8220;10px&#8220; column_element_direction_desktop=&#8220;default&#8220; column_element_spacing=&#8220;default&#8220; desktop_text_alignment=&#8220;default&#8220; tablet_text_alignment=&#8220;default&#8220; phone_text_alignment=&#8220;default&#8220; background_color_opacity=&#8220;1&#8243; background_hover_color_opacity=&#8220;1&#8243; column_backdrop_filter=&#8220;none&#8220; column_shadow=&#8220;none&#8220; column_border_radius=&#8220;none&#8220; column_link_target=&#8220;_self&#8220; column_position=&#8220;default&#8220; gradient_direction=&#8220;left_to_right&#8220; overlay_strength=&#8220;0.3&#8243; width=&#8220;1\/1&#8243; tablet_width_inherit=&#8220;default&#8220; animation_type=&#8220;default&#8220; bg_image_animation=&#8220;none&#8220; border_type=&#8220;simple&#8220; column_border_width=&#8220;none&#8220; column_border_style=&#8220;solid&#8220;][vc_column_text css=&#8220;&#8220; text_direction=&#8220;default&#8220;]\n<h3><strong>Astrologische Beratungen und Lenormand-Legungen<\/strong><\/h3>\n<p><strong>16.05.2026 10-17 Uhr<br \/>\nPorvoo<\/strong><\/p>\n<p>ILON Valkeat<br \/>\n<span class=\"wysiwyg-font-size-18\">Haaga-Helia Porvoo Campus<\/span><br \/>\nTaidetehtaankatu 1<br \/>\n06100 Porvoo<\/p>\n<p><a href=\"https:\/\/maps.app.goo.gl\/iBiAihC7fhSZdBKv8\">Auf Karte anzeigen<\/a><\/p>\n<p>Vorab-Anmeldungen ab sofort m\u00f6glich entwerder telefonisch 040 857 6512 oder per Email an <a href=\"mailto:mail@lucetia.eu\">mail[at]lucetia.eu<\/a>. Anmeldungen vor Ort auch m\u00f6glich.<\/p>\n<p>Deutungen 20 EUR\/10 min, Bezahlung bar oder per MobilePay.<\/p>\n<p>Zur Kombi-Beratung bitte mindestens 2 x 10 min buchen. F\u00fcr astrologische und Kombi-Beratungen bitte Geburtsdaten mitbringen.<\/p>\n<p>Wenn du einen Ausdruck deines Horoskops mitnehmen m\u00f6chtest, bitte einen Termin im Voraus buchen und dabei deine Geburtsdaten angeben.[\/vc_column_text][\/vc_column][\/vc_row][vc_row type=&#8220;in_container&#8220; full_screen_row_position=&#8220;middle&#8220; column_margin=&#8220;default&#8220; column_direction=&#8220;default&#8220; column_direction_tablet=&#8220;default&#8220; column_direction_phone=&#8220;default&#8220; scene_position=&#8220;center&#8220; text_color=&#8220;dark&#8220; text_align=&#8220;left&#8220; row_border_radius=&#8220;none&#8220; row_border_radius_applies=&#8220;bg&#8220; row_position_desktop=&#8220;default&#8220; row_position_tablet=&#8220;inherit&#8220; row_position_phone=&#8220;inherit&#8220; overflow=&#8220;visible&#8220; overlay_strength=&#8220;0.3&#8243; gradient_direction=&#8220;left_to_right&#8220; shape_divider_position=&#8220;bottom&#8220; bg_image_animation=&#8220;none&#8220;][vc_column column_padding=&#8220;no-extra-padding&#8220; column_padding_tablet=&#8220;inherit&#8220; column_padding_phone=&#8220;inherit&#8220; column_padding_position=&#8220;all&#8220; flex_gap_desktop=&#8220;10px&#8220; column_element_direction_desktop=&#8220;default&#8220; column_element_spacing=&#8220;default&#8220; desktop_text_alignment=&#8220;default&#8220; tablet_text_alignment=&#8220;default&#8220; phone_text_alignment=&#8220;default&#8220; background_color_opacity=&#8220;1&#8243; background_hover_color_opacity=&#8220;1&#8243; column_backdrop_filter=&#8220;none&#8220; column_shadow=&#8220;none&#8220; column_border_radius=&#8220;none&#8220; column_link_target=&#8220;_self&#8220; column_position=&#8220;default&#8220; gradient_direction=&#8220;left_to_right&#8220; overlay_strength=&#8220;0.3&#8243; width=&#8220;1\/1&#8243; tablet_width_inherit=&#8220;default&#8220; animation_type=&#8220;default&#8220; bg_image_animation=&#8220;none&#8220; border_type=&#8220;simple&#8220; column_border_width=&#8220;none&#8220; column_border_style=&#8220;solid&#8220;][vc_column_text css=&#8220;&#8220; text_direction=&#8220;default&#8220;]\n<h3><strong>Workshop: Entdecke das Potenzial deines Horoskops<br \/>\nUranus im Geburtshorskop<\/strong><\/h3>\n<p><strong>So 14.06.2026 10-14 Uhr<br \/>\nZoom<\/strong><\/p>\n<p>M\u00f6chtest du die Energie von Uranus in deinem Geburtshoroskop verstehen? F\u00e4llt es dir schwer, dich an Ver\u00e4nderungen anzupassen? Oder sehnst du dich nach Freiraum und Freiheit? Uranus im Geburtshoroskop und seine Aspekte sagen viel \u00fcber unsere F\u00e4higkeit aus, Grenzen zu sprengen, und \u00fcber den Mut, gegen den Strom zu schwimmen.<\/p>\n<p>Dieser Workshop konzentriert sich auf Uranus im Geburtshoroskop, seine Herausforderungen und deren Bew\u00e4ltigung. Wie lassen sich die Herausforderungen von Uranus in eine St\u00e4rke verwandeln? Im Workshop behandeln wir das Thema anhand der Horoskope der Teilnehmer. Wenn noch Zeit bleibt, k\u00f6nnen wir uns auch die Horoskope Ihrer Angeh\u00f6rigen ansehen, nat\u00fcrlich nur mit deren Einverst\u00e4ndnis.<\/p>\n<p>Anmeldung bis zum 01.06. per E-Mail an <a href=\"mailto:mail@lucetia.eu\">mail@lucetia.eu<\/a><\/p>\n<p>Teilnahmegeb\u00fchr 60 EUR. Der Workshop findet statt, wenn mindestens vier Teilnehmer angemeldet sind.<\/p>\n<p>Bitte gib bei der Anmeldung deine Geburtsdaten an (Datum, Uhrzeit und Ort).<\/p>\n[\/vc_column_text][\/vc_column][\/vc_row]\n","protected":false},"excerpt":{"rendered":"<p>[vc_row type=&#8220;in_container&#8220; full_screen_row_position=&#8220;middle&#8220; column_margin=&#8220;default&#8220; column_direction=&#8220;default&#8220; column_direction_tablet=&#8220;default&#8220; column_direction_phone=&#8220;default&#8220; scene_position=&#8220;center&#8220; top_margin=&#8220;20px&#8220; text_color=&#8220;dark&#8220; text_align=&#8220;left&#8220; row_border_radius=&#8220;none&#8220; row_border_radius_applies=&#8220;bg&#8220; row_position_desktop=&#8220;default&#8220; row_position_tablet=&#8220;inherit&#8220; row_position_phone=&#8220;inherit&#8220; overflow=&#8220;visible&#8220; overlay_strength=&#8220;0.3&#8243; gradient_direction=&#8220;left_to_right&#8220; shape_divider_position=&#8220;bottom&#8220; bg_image_animation=&#8220;none&#8220; gradient_type=&#8220;default&#8220; shape_type=&#8220;&#8220;][vc_column column_padding=&#8220;no-extra-padding&#8220; column_padding_tablet=&#8220;inherit&#8220; column_padding_phone=&#8220;inherit&#8220; column_padding_position=&#8220;all&#8220; flex_gap_desktop=&#8220;10px&#8220; column_element_direction_desktop=&#8220;default&#8220; column_element_spacing=&#8220;default&#8220;&#8230;<\/p>\n","protected":false},"author":2,"featured_media":0,"parent":0,"menu_order":0,"comment_status":"closed","ping_status":"closed","template":"","meta":{"footnotes":""},"class_list":["post-7578","page","type-page","status-publish"],"yoast_head":"<!-- This site is optimized with the Yoast SEO plugin v27.3 - https:\/\/yoast.com\/product\/yoast-seo-wordpress\/ -->\n<title>Termine - Lucetia<\/title>\n<meta name=\"description\" content=\"Endecke alle aktuellen Termine von Lucetia auf einem Blick: Fachmessen, n\u00e4chstes Live-Stream, Workshops und Kurse.\" \/>\n<meta name=\"robots\" content=\"index, follow, max-snippet:-1, max-image-preview:large, max-video-preview:-1\" \/>\n<link rel=\"canonical\" href=\"https:\/\/lucetia.eu\/de\/termine\/\" \/>\n<meta property=\"og:locale\" content=\"de_DE\" \/>\n<meta property=\"og:type\" content=\"article\" \/>\n<meta property=\"og:title\" content=\"Termine - Lucetia\" \/>\n<meta property=\"og:description\" content=\"Endecke alle aktuellen Termine von Lucetia auf einem Blick: Fachmessen, n\u00e4chstes Live-Stream, Workshops und Kurse.\" \/>\n<meta property=\"og:url\" content=\"https:\/\/lucetia.eu\/de\/termine\/\" \/>\n<meta property=\"og:site_name\" content=\"Lucetia\" \/>\n<meta property=\"article:modified_time\" content=\"2026-04-07T08:29:50+00:00\" \/>\n<meta property=\"og:image\" content=\"http:\/\/lucetia.eu\/wp-content\/uploads\/2025\/08\/Astrologian-aarella-2025De-300x197.jpg\" \/>\n<meta name=\"twitter:card\" content=\"summary_large_image\" \/>\n<meta name=\"twitter:label1\" content=\"Gesch\u00e4tzte Lesezeit\" \/>\n\t<meta name=\"twitter:data1\" content=\"4\u00a0Minuten\" \/>\n<script type=\"application\/ld+json\" class=\"yoast-schema-graph\">{\"@context\":\"https:\\\/\\\/schema.org\",\"@graph\":[{\"@type\":\"WebPage\",\"@id\":\"https:\\\/\\\/lucetia.eu\\\/de\\\/termine\\\/\",\"url\":\"https:\\\/\\\/lucetia.eu\\\/de\\\/termine\\\/\",\"name\":\"Termine - Lucetia\",\"isPartOf\":{\"@id\":\"http:\\\/\\\/lucetia.eu\\\/de\\\/#website\"},\"primaryImageOfPage\":{\"@id\":\"https:\\\/\\\/lucetia.eu\\\/de\\\/termine\\\/#primaryimage\"},\"image\":{\"@id\":\"https:\\\/\\\/lucetia.eu\\\/de\\\/termine\\\/#primaryimage\"},\"thumbnailUrl\":\"http:\\\/\\\/lucetia.eu\\\/wp-content\\\/uploads\\\/2025\\\/08\\\/Astrologian-aarella-2025De-300x197.jpg\",\"datePublished\":\"2024-01-05T21:12:33+00:00\",\"dateModified\":\"2026-04-07T08:29:50+00:00\",\"description\":\"Endecke alle aktuellen Termine von Lucetia auf einem Blick: Fachmessen, n\u00e4chstes Live-Stream, Workshops und Kurse.\",\"breadcrumb\":{\"@id\":\"https:\\\/\\\/lucetia.eu\\\/de\\\/termine\\\/#breadcrumb\"},\"inLanguage\":\"de\",\"potentialAction\":[{\"@type\":\"ReadAction\",\"target\":[\"https:\\\/\\\/lucetia.eu\\\/de\\\/termine\\\/\"]}]},{\"@type\":\"ImageObject\",\"inLanguage\":\"de\",\"@id\":\"https:\\\/\\\/lucetia.eu\\\/de\\\/termine\\\/#primaryimage\",\"url\":\"http:\\\/\\\/lucetia.eu\\\/wp-content\\\/uploads\\\/2025\\\/08\\\/Astrologian-aarella-2025De-300x197.jpg\",\"contentUrl\":\"http:\\\/\\\/lucetia.eu\\\/wp-content\\\/uploads\\\/2025\\\/08\\\/Astrologian-aarella-2025De-300x197.jpg\"},{\"@type\":\"BreadcrumbList\",\"@id\":\"https:\\\/\\\/lucetia.eu\\\/de\\\/termine\\\/#breadcrumb\",\"itemListElement\":[{\"@type\":\"ListItem\",\"position\":1,\"name\":\"Etusivu\",\"item\":\"http:\\\/\\\/lucetia.eu\\\/de\\\/\"},{\"@type\":\"ListItem\",\"position\":2,\"name\":\"Termine\"}]},{\"@type\":\"WebSite\",\"@id\":\"http:\\\/\\\/lucetia.eu\\\/de\\\/#website\",\"url\":\"http:\\\/\\\/lucetia.eu\\\/de\\\/\",\"name\":\"Lucetia\",\"description\":\"Astrologi &amp; Lenormand-tulkitsija\",\"potentialAction\":[{\"@type\":\"SearchAction\",\"target\":{\"@type\":\"EntryPoint\",\"urlTemplate\":\"http:\\\/\\\/lucetia.eu\\\/de\\\/?s={search_term_string}\"},\"query-input\":{\"@type\":\"PropertyValueSpecification\",\"valueRequired\":true,\"valueName\":\"search_term_string\"}}],\"inLanguage\":\"de\"}]}<\/script>\n<!-- \/ Yoast SEO plugin. -->","yoast_head_json":{"title":"Termine - Lucetia","description":"Endecke alle aktuellen Termine von Lucetia auf einem Blick: Fachmessen, n\u00e4chstes Live-Stream, Workshops und Kurse.","robots":{"index":"index","follow":"follow","max-snippet":"max-snippet:-1","max-image-preview":"max-image-preview:large","max-video-preview":"max-video-preview:-1"},"canonical":"https:\/\/lucetia.eu\/de\/termine\/","og_locale":"de_DE","og_type":"article","og_title":"Termine - Lucetia","og_description":"Endecke alle aktuellen Termine von Lucetia auf einem Blick: Fachmessen, n\u00e4chstes Live-Stream, Workshops und Kurse.","og_url":"https:\/\/lucetia.eu\/de\/termine\/","og_site_name":"Lucetia","article_modified_time":"2026-04-07T08:29:50+00:00","og_image":[{"url":"http:\/\/lucetia.eu\/wp-content\/uploads\/2025\/08\/Astrologian-aarella-2025De-300x197.jpg","type":"","width":"","height":""}],"twitter_card":"summary_large_image","twitter_misc":{"Gesch\u00e4tzte Lesezeit":"4\u00a0Minuten"},"schema":{"@context":"https:\/\/schema.org","@graph":[{"@type":"WebPage","@id":"https:\/\/lucetia.eu\/de\/termine\/","url":"https:\/\/lucetia.eu\/de\/termine\/","name":"Termine - Lucetia","isPartOf":{"@id":"http:\/\/lucetia.eu\/de\/#website"},"primaryImageOfPage":{"@id":"https:\/\/lucetia.eu\/de\/termine\/#primaryimage"},"image":{"@id":"https:\/\/lucetia.eu\/de\/termine\/#primaryimage"},"thumbnailUrl":"http:\/\/lucetia.eu\/wp-content\/uploads\/2025\/08\/Astrologian-aarella-2025De-300x197.jpg","datePublished":"2024-01-05T21:12:33+00:00","dateModified":"2026-04-07T08:29:50+00:00","description":"Endecke alle aktuellen Termine von Lucetia auf einem Blick: Fachmessen, n\u00e4chstes Live-Stream, Workshops und Kurse.","breadcrumb":{"@id":"https:\/\/lucetia.eu\/de\/termine\/#breadcrumb"},"inLanguage":"de","potentialAction":[{"@type":"ReadAction","target":["https:\/\/lucetia.eu\/de\/termine\/"]}]},{"@type":"ImageObject","inLanguage":"de","@id":"https:\/\/lucetia.eu\/de\/termine\/#primaryimage","url":"http:\/\/lucetia.eu\/wp-content\/uploads\/2025\/08\/Astrologian-aarella-2025De-300x197.jpg","contentUrl":"http:\/\/lucetia.eu\/wp-content\/uploads\/2025\/08\/Astrologian-aarella-2025De-300x197.jpg"},{"@type":"BreadcrumbList","@id":"https:\/\/lucetia.eu\/de\/termine\/#breadcrumb","itemListElement":[{"@type":"ListItem","position":1,"name":"Etusivu","item":"http:\/\/lucetia.eu\/de\/"},{"@type":"ListItem","position":2,"name":"Termine"}]},{"@type":"WebSite","@id":"http:\/\/lucetia.eu\/de\/#website","url":"http:\/\/lucetia.eu\/de\/","name":"Lucetia","description":"Astrologi &amp; Lenormand-tulkitsija","potentialAction":[{"@type":"SearchAction","target":{"@type":"EntryPoint","urlTemplate":"http:\/\/lucetia.eu\/de\/?s={search_term_string}"},"query-input":{"@type":"PropertyValueSpecification","valueRequired":true,"valueName":"search_term_string"}}],"inLanguage":"de"}]}},"jetpack_sharing_enabled":true,"_links":{"self":[{"href":"https:\/\/lucetia.eu\/de\/wp-json\/wp\/v2\/pages\/7578","targetHints":{"allow":["GET"]}}],"collection":[{"href":"https:\/\/lucetia.eu\/de\/wp-json\/wp\/v2\/pages"}],"about":[{"href":"https:\/\/lucetia.eu\/de\/wp-json\/wp\/v2\/types\/page"}],"author":[{"embeddable":true,"href":"https:\/\/lucetia.eu\/de\/wp-json\/wp\/v2\/users\/2"}],"replies":[{"embeddable":true,"href":"https:\/\/lucetia.eu\/de\/wp-json\/wp\/v2\/comments?post=7578"}],"version-history":[{"count":67,"href":"https:\/\/lucetia.eu\/de\/wp-json\/wp\/v2\/pages\/7578\/revisions"}],"predecessor-version":[{"id":8760,"href":"https:\/\/lucetia.eu\/de\/wp-json\/wp\/v2\/pages\/7578\/revisions\/8760"}],"wp:attachment":[{"href":"https:\/\/lucetia.eu\/de\/wp-json\/wp\/v2\/media?parent=7578"}],"curies":[{"name":"wp","href":"https:\/\/api.w.org\/{rel}","templated":true}]}}