{"id":7642,"date":"2025-07-11T18:58:48","date_gmt":"2025-07-11T15:58:48","guid":{"rendered":"http:\/\/lucetia.eu\/?page_id=7642"},"modified":"2025-07-12T21:58:22","modified_gmt":"2025-07-12T18:58:22","slug":"lieferbedingungen","status":"publish","type":"page","link":"http:\/\/lucetia.eu\/de\/lieferbedingungen\/","title":{"rendered":"Lieferbedingungen"},"content":{"rendered":"[vc_row type=&#8220;in_container&#8220; full_screen_row_position=&#8220;middle&#8220; column_margin=&#8220;default&#8220; column_direction=&#8220;default&#8220; column_direction_tablet=&#8220;default&#8220; column_direction_phone=&#8220;default&#8220; scene_position=&#8220;center&#8220; text_color=&#8220;dark&#8220; text_align=&#8220;left&#8220; row_border_radius=&#8220;none&#8220; row_border_radius_applies=&#8220;bg&#8220; overflow=&#8220;visible&#8220; overlay_strength=&#8220;0.3&#8243; gradient_direction=&#8220;left_to_right&#8220; shape_divider_position=&#8220;bottom&#8220; bg_image_animation=&#8220;none&#8220;][vc_column column_padding=&#8220;no-extra-padding&#8220; column_padding_tablet=&#8220;inherit&#8220; column_padding_phone=&#8220;inherit&#8220; column_padding_position=&#8220;all&#8220; column_element_direction_desktop=&#8220;default&#8220; column_element_spacing=&#8220;default&#8220; desktop_text_alignment=&#8220;default&#8220; tablet_text_alignment=&#8220;default&#8220; phone_text_alignment=&#8220;default&#8220; background_color_opacity=&#8220;1&#8243; background_hover_color_opacity=&#8220;1&#8243; column_backdrop_filter=&#8220;none&#8220; column_shadow=&#8220;none&#8220; column_border_radius=&#8220;none&#8220; column_link_target=&#8220;_self&#8220; column_position=&#8220;default&#8220; gradient_direction=&#8220;left_to_right&#8220; overlay_strength=&#8220;0.3&#8243; width=&#8220;1\/1&#8243; tablet_width_inherit=&#8220;default&#8220; animation_type=&#8220;default&#8220; bg_image_animation=&#8220;none&#8220; border_type=&#8220;simple&#8220; column_border_width=&#8220;none&#8220; column_border_style=&#8220;solid&#8220;][vc_column_text css=&#8220;&#8220; text_direction=&#8220;default&#8220;]\n<h1>Liefer-, Stornierungs- und Zahlungsbedingungen<\/h1>\n<p>Diese Bedingungen gelten f\u00fcr Sie oder Ihr Unternehmen (im Folgenden: Kunde), wenn Sie kostenpflichtige Dienstleistungen von Lucetia (im Folgenden: Anbieter) erwerben. Die Kontaktdaten von Lucetia finden Sie am Ende dieser Seite.<\/p>\n<h2>Bedingungen und Konditionen f\u00fcr das Angebot<\/h2>\n<p>Mit dem Kauf von Dienstleistungen oder Produkten aus dem Online-Shop des Anbieters oder auf andere Weise akzeptiert der Kunde diese Liefer-, R\u00fcckgabe- und Zahlungsbedingungen. Durch die Nutzung der Website, der Dienstleistungen und des Materials akzeptiert der Kunde auch die Bedingungen des Dienstes. Wir sammeln pers\u00f6nliche Daten in \u00dcbereinstimmung mit dem Datenschutzgesetz. Bitte lesen Sie auch unsere <a href=\"http:\/\/lucetia.eu\/de\/datenschutzerklaerung\/\">Datenschutzrichtlinie<\/a>.<\/p>\n<p>Unser Online-Shop und unsere Dienstleistungen sind f\u00fcr Unternehmen und Privatpersonen ab 18 Jahren bestimmt. Die Merkmale und Preise der Dienstleistungen und Produkte sind in der Produktbeschreibung f\u00fcr jedes Produkt aufgef\u00fchrt. Die Preise enthalten die jeweils g\u00fcltige Mehrwertsteuer.<\/p>\n<p>Der Dienstanbieter beh\u00e4lt sich das Recht vor, den Inhalt, den Preis oder die Verf\u00fcgbarkeit von Dienstleistungen, Produkten und Materialien zu \u00e4ndern.<\/p>\n<h2>Stornierungsbedingungen<\/h2>\n<p>F\u00fcr unsere Dienstleistungen gilt ein 14-t\u00e4giges Widerrufsrecht nach dem Verbraucherschutzgesetz. Diese Frist berechnet sich bei Online-K\u00e4ufen ab dem Kaufdatum und bei anderen Bestellungen ab dem Datum des Vertragsabschlusses, der Bestellung oder der Anmeldung zu einem Kurs, einer Schulung, einem Workshop oder einer anderen Gruppenaktivit\u00e4t.<\/p>\n<p>Das Widerrufsrecht kann auch dann ausge\u00fcbt werden, wenn mit der Ausf\u00fchrung der Dienstleistung auf Wunsch des Kunden vor Ablauf der 14-t\u00e4gigen Widerrufsfrist begonnen wurde. Wenn die Vorbereitung oder Erbringung der Dienstleistung bereits begonnen hat und widerrufen wird, ist der Dienstleister berechtigt, dem Kunden die durchgef\u00fchrten Arbeiten in Rechnung zu stellen.<\/p>\n<p>Wurde die Dienstleistung bereits vollst\u00e4ndig erbracht, kann sie nicht mehr widerrufen werden.<\/p>\n<p>Das R\u00fcckgaberecht gilt auch nicht f\u00fcr Geschenkkarten.<\/p>\n<p>Wenn der Kunde seinen Kauf stornieren m\u00f6chte, muss er sich unverz\u00fcglich per E-Mail an den Dienstleister wenden. Die schriftliche Stornierung muss innerhalb von 14 Tagen nach der Bestellung der Dienstleistung oder der Anmeldung zu einem Kurs, einer Schulung, einem Workshop oder einer anderen Gruppenaktivit\u00e4t an mail@lucetia.eu gesendet werden. Der Kunde muss angeben, welche Dienstleistung er stornieren m\u00f6chte und auf welches Konto das Geld zur\u00fcckerstattet werden soll. Die Kontonummer muss im IBAN-Format angegeben werden. Die Nichtbezahlung der Geb\u00fchr gilt nicht als Stornierung.<\/p>\n<p>Die Anmeldung zu Kursen, Schulungen, Workshops und anderen Gruppenaktivit\u00e4ten ist verbindlich und eine Stornierung ist nach dem 14-t\u00e4gigen R\u00fccktrittsrecht gem\u00e4\u00df dem Verbraucherschutzgesetz oder nach Beginn der Gruppenaktivit\u00e4t nicht mehr m\u00f6glich. Es erfolgt daher keine R\u00fcckerstattung oder Gutschrift, sobald der Kurs, die Schulung, der Workshop oder die Gruppenaktivit\u00e4t begonnen hat. Ist eine Ratenzahlung vereinbart, so ist der volle Betrag auch dann zu zahlen, wenn der Kunde den Kurs, die Ausbildung, den Workshop oder die Gruppenaktivit\u00e4t nicht besucht oder abbricht.<\/p>\n<p>Mit der Teilnahme an einem Kurs, einer Schulung, einem Workshop oder einer Gruppenaktivit\u00e4t verpflichtet sich der Kunde zur Zahlung der vollen Geb\u00fchr, unabh\u00e4ngig vom Grund der Nichtteilnahme oder Unterbrechung. Wenn der Anbieter die Gruppenaktivit\u00e4t absagt oder unterbricht, wird dem Kunden die Geb\u00fchr entweder vollst\u00e4ndig oder f\u00fcr den noch ausstehenden Teil des Kurses, der Ausbildung, des Workshops oder der Gruppenaktivit\u00e4t zur\u00fcckerstattet.<\/p>\n<h2>Beratungen in persona, online und am Telefon<\/h2>\n<p>Der Klient kann einen im Voraus vereinbarten Termin bis 16 Uhr am dritten Werktag vor dem Termin (Mo-Fr) kostenlos stornieren. Stornierungen nach diesem Zeitpunkt werden in voller H\u00f6he berechnet. Die Stornierung muss telefonisch erfolgen. Diese Regelung gilt f\u00fcr alle, unabh\u00e4ngig vom Grund der Nichtinanspruchnahme des Termins, sei es an der Rezeption, aus der Ferne oder per Telefon.<\/p>\n<p>Dienstleistungen sind pers\u00f6nlich und erfordern eine effektive Kommunikation und einen vertraulichen Umgang mit dem Kunden. Daher hat der Dienstleister das Recht, in Situationen, in denen sich herausstellt, dass die Zusammenarbeit nicht fruchtbar ist oder unsere Dienstleistungen f\u00fcr den Kunden nicht von Nutzen sind, die vom Kunden gebuchte Dienstleistung zu stornieren, indem er uns mindestens 24 Stunden vor Beginn der gebuchten Dienstleistung oder Veranstaltung per E-Mail benachrichtigt. In diesem Fall wird dem Kunden der gesamte gezahlte Betrag zur\u00fcckerstattet.<\/p>\n<p>F\u00fcr das Funktionieren der Internetverbindung und der sonstigen Technik w\u00e4hrend der online und Telefonberatungen ist der Auftraggeber selbst verantwortlich. Hat der Dienstleister hingegen Probleme, z. B. mit der Internetverbindung, wird entweder ein neuer Termin vereinbart oder &#8211; wenn das Problem sofort behoben werden kann &#8211; die Dienstleistung verl\u00e4ngert, so dass der Auftraggeber die von ihm bezahlte Dienstleistungszeit erh\u00e4lt.<\/p>\n<h2>Zahlungsbedingungen<\/h2>\n<p>Um unseren Kunden den Einkauf so einfach und reibungslos wie m\u00f6glich zu gestalten, bieten wir in unserem Online-Shop eine Reihe von Zahlungsm\u00f6glichkeiten an. Anstatt online zu kaufen, k\u00f6nnen Kunden auch per Bank\u00fcberweisung oder MobilePay bezahlen. Diese Zahlungsmodalit\u00e4ten werden dem Kunden vom Dienstleister bei der Bestellung mitgeteilt.<\/p>\n<h2>Auftrags- und Zahlungsbest\u00e4tigung<\/h2>\n<p>Nach erfolgreicher Bestellung wird dem Kunden eine Auftragsbest\u00e4tigung per E-Mail zugesandt. Zu diesem Zweck muss der Kunde bei der Bestellung seine E-Mail-Adresse angeben. In der Auftragsbest\u00e4tigung wird auch die verwendete Zahlungsmethode best\u00e4tigt.<\/p>\n<p>Bestellt der Kunde eine Leistung, f\u00fcr die als Zahlungsart die Rechnungsstellung vereinbart ist, k\u00f6nnen bei versp\u00e4teter Zahlung Verzugszinsen nach dem aktuellen Zinsgesetz sowie die Kosten f\u00fcr Mahnungen und andere Inkassoma\u00dfnahmen anfallen. Wir k\u00f6nnen unbezahlte Rechnungen an ein Inkassob\u00fcro weiterleiten.<\/p>\n<p>Mit der Anmeldung zu einem Kurs, einer Schulung, einem Workshop oder einer Tagung verpflichtet sich der Kunde, die volle Geb\u00fchr zu bezahlen, auch wenn er nicht teilnimmt oder seine Teilnahme unterbricht.<\/p>\n<p>Zahlt der Kunde nicht, entweder ganz oder teilweise, werden wir die unbezahlte Rechnung an ein Inkassob\u00fcro \u00fcbergeben.<\/p>\n<p>Wird der Kurs, die Schulung, der Workshop oder die Gruppenaktivit\u00e4t vom Anbieter abgesagt oder unterbrochen, wird dem Kunden die Zahlung entweder vollst\u00e4ndig oder f\u00fcr den noch ausstehenden Teil des Kurses, der Schulung, des Workshops oder der Gruppenaktivit\u00e4t zur\u00fcckerstattet.<\/p>\n<h2>Rechtsstreitigkeiten<\/h2>\n<p>Diese Gesch\u00e4ftsbedingungen unterliegen dem finnischen Recht. Alle Streitigkeiten, die sich aus diesen Bedingungen ergeben, werden in erster Linie durch Gespr\u00e4che und eine genaue \u00dcberwachung dieser Bedingungen gel\u00f6st. Wenn keine Einigung erzielt werden kann, werden Streitigkeiten letztendlich vom Bezirksgericht Turku, Finnland entschieden.<\/p>\n<p>Sollte der Kunde aus irgendeinem Grund mit unserem Service nicht zufrieden sein, wenden Sie sich bitte zuerst an uns.<\/p>\n<h2>Kontaktdaten des Dienstanbieters<\/h2>\n<p>Lucetia | Jaana Rusi<br \/>\nSteuernummer FI26117645<br \/>\nmail@lucetia.eu<\/p>\n<p>Bitte kontaktieren Sie uns in erster Linie per E-Mail. Auf diese Weise ist auch gew\u00e4hrleistet, dass im Falle von Unklarheiten ein schriftlicher Nachweis \u00fcber unsere Gespr\u00e4che gef\u00fchrt wird.[\/vc_column_text][\/vc_column][\/vc_row]\n","protected":false},"excerpt":{"rendered":"<p>[vc_row type=&#8220;in_container&#8220; full_screen_row_position=&#8220;middle&#8220; column_margin=&#8220;default&#8220; column_direction=&#8220;default&#8220; column_direction_tablet=&#8220;default&#8220; column_direction_phone=&#8220;default&#8220; scene_position=&#8220;center&#8220; text_color=&#8220;dark&#8220; text_align=&#8220;left&#8220; row_border_radius=&#8220;none&#8220; row_border_radius_applies=&#8220;bg&#8220; overflow=&#8220;visible&#8220; overlay_strength=&#8220;0.3&#8243; gradient_direction=&#8220;left_to_right&#8220; shape_divider_position=&#8220;bottom&#8220; bg_image_animation=&#8220;none&#8220;][vc_column column_padding=&#8220;no-extra-padding&#8220; column_padding_tablet=&#8220;inherit&#8220; column_padding_phone=&#8220;inherit&#8220; column_padding_position=&#8220;all&#8220; column_element_direction_desktop=&#8220;default&#8220; column_element_spacing=&#8220;default&#8220; desktop_text_alignment=&#8220;default&#8220; tablet_text_alignment=&#8220;default&#8220; phone_text_alignment=&#8220;default&#8220; background_color_opacity=&#8220;1&#8243; background_hover_color_opacity=&#8220;1&#8243; column_backdrop_filter=&#8220;none&#8220; column_shadow=&#8220;none&#8220;&#8230;<\/p>\n","protected":false},"author":1,"featured_media":0,"parent":0,"menu_order":0,"comment_status":"closed","ping_status":"closed","template":"","meta":{"footnotes":""},"class_list":["post-7642","page","type-page","status-publish"],"yoast_head":"<!-- This site is optimized with the Yoast SEO plugin v27.5 - https:\/\/yoast.com\/product\/yoast-seo-wordpress\/ -->\n<title>Lieferbedingungen - Lucetia<\/title>\n<meta name=\"robots\" content=\"index, follow, max-snippet:-1, max-image-preview:large, max-video-preview:-1\" \/>\n<link rel=\"canonical\" href=\"http:\/\/lucetia.eu\/de\/lieferbedingungen\/\" \/>\n<meta property=\"og:locale\" content=\"de_DE\" \/>\n<meta property=\"og:type\" content=\"article\" \/>\n<meta property=\"og:title\" content=\"Lieferbedingungen - Lucetia\" \/>\n<meta property=\"og:description\" content=\"[vc_row type=&#8220;in_container&#8220; full_screen_row_position=&#8220;middle&#8220; column_margin=&#8220;default&#8220; column_direction=&#8220;default&#8220; column_direction_tablet=&#8220;default&#8220; column_direction_phone=&#8220;default&#8220; scene_position=&#8220;center&#8220; text_color=&#8220;dark&#8220; text_align=&#8220;left&#8220; row_border_radius=&#8220;none&#8220; row_border_radius_applies=&#8220;bg&#8220; overflow=&#8220;visible&#8220; overlay_strength=&#8220;0.3&#8243; gradient_direction=&#8220;left_to_right&#8220; shape_divider_position=&#8220;bottom&#8220; bg_image_animation=&#8220;none&#8220;][vc_column column_padding=&#8220;no-extra-padding&#8220; column_padding_tablet=&#8220;inherit&#8220; column_padding_phone=&#8220;inherit&#8220; column_padding_position=&#8220;all&#8220; column_element_direction_desktop=&#8220;default&#8220; column_element_spacing=&#8220;default&#8220; desktop_text_alignment=&#8220;default&#8220; tablet_text_alignment=&#8220;default&#8220; phone_text_alignment=&#8220;default&#8220; background_color_opacity=&#8220;1&#8243; background_hover_color_opacity=&#8220;1&#8243; column_backdrop_filter=&#8220;none&#8220; column_shadow=&#8220;none&#8220;...\" \/>\n<meta property=\"og:url\" content=\"http:\/\/lucetia.eu\/de\/lieferbedingungen\/\" \/>\n<meta property=\"og:site_name\" content=\"Lucetia\" \/>\n<meta property=\"article:modified_time\" content=\"2025-07-12T18:58:22+00:00\" \/>\n<meta name=\"twitter:card\" content=\"summary_large_image\" \/>\n<meta name=\"twitter:label1\" content=\"Gesch\u00e4tzte Lesezeit\" \/>\n\t<meta name=\"twitter:data1\" content=\"7\u00a0Minuten\" \/>\n<script type=\"application\/ld+json\" class=\"yoast-schema-graph\">{\"@context\":\"https:\\\/\\\/schema.org\",\"@graph\":[{\"@type\":\"WebPage\",\"@id\":\"http:\\\/\\\/lucetia.eu\\\/de\\\/lieferbedingungen\\\/\",\"url\":\"http:\\\/\\\/lucetia.eu\\\/de\\\/lieferbedingungen\\\/\",\"name\":\"Lieferbedingungen - Lucetia\",\"isPartOf\":{\"@id\":\"http:\\\/\\\/lucetia.eu\\\/de\\\/#website\"},\"datePublished\":\"2025-07-11T15:58:48+00:00\",\"dateModified\":\"2025-07-12T18:58:22+00:00\",\"breadcrumb\":{\"@id\":\"http:\\\/\\\/lucetia.eu\\\/de\\\/lieferbedingungen\\\/#breadcrumb\"},\"inLanguage\":\"de\",\"potentialAction\":[{\"@type\":\"ReadAction\",\"target\":[\"http:\\\/\\\/lucetia.eu\\\/de\\\/lieferbedingungen\\\/\"]}]},{\"@type\":\"BreadcrumbList\",\"@id\":\"http:\\\/\\\/lucetia.eu\\\/de\\\/lieferbedingungen\\\/#breadcrumb\",\"itemListElement\":[{\"@type\":\"ListItem\",\"position\":1,\"name\":\"Etusivu\",\"item\":\"https:\\\/\\\/lucetia.eu\\\/de\\\/\"},{\"@type\":\"ListItem\",\"position\":2,\"name\":\"Lieferbedingungen\"}]},{\"@type\":\"WebSite\",\"@id\":\"http:\\\/\\\/lucetia.eu\\\/de\\\/#website\",\"url\":\"http:\\\/\\\/lucetia.eu\\\/de\\\/\",\"name\":\"Lucetia\",\"description\":\"Astrologi &amp; Lenormand-tulkitsija\",\"potentialAction\":[{\"@type\":\"SearchAction\",\"target\":{\"@type\":\"EntryPoint\",\"urlTemplate\":\"http:\\\/\\\/lucetia.eu\\\/de\\\/?s={search_term_string}\"},\"query-input\":{\"@type\":\"PropertyValueSpecification\",\"valueRequired\":true,\"valueName\":\"search_term_string\"}}],\"inLanguage\":\"de\"}]}<\/script>\n<!-- \/ Yoast SEO plugin. -->","yoast_head_json":{"title":"Lieferbedingungen - Lucetia","robots":{"index":"index","follow":"follow","max-snippet":"max-snippet:-1","max-image-preview":"max-image-preview:large","max-video-preview":"max-video-preview:-1"},"canonical":"http:\/\/lucetia.eu\/de\/lieferbedingungen\/","og_locale":"de_DE","og_type":"article","og_title":"Lieferbedingungen - Lucetia","og_description":"[vc_row type=&#8220;in_container&#8220; full_screen_row_position=&#8220;middle&#8220; column_margin=&#8220;default&#8220; column_direction=&#8220;default&#8220; column_direction_tablet=&#8220;default&#8220; column_direction_phone=&#8220;default&#8220; scene_position=&#8220;center&#8220; text_color=&#8220;dark&#8220; text_align=&#8220;left&#8220; row_border_radius=&#8220;none&#8220; row_border_radius_applies=&#8220;bg&#8220; overflow=&#8220;visible&#8220; overlay_strength=&#8220;0.3&#8243; gradient_direction=&#8220;left_to_right&#8220; shape_divider_position=&#8220;bottom&#8220; bg_image_animation=&#8220;none&#8220;][vc_column column_padding=&#8220;no-extra-padding&#8220; column_padding_tablet=&#8220;inherit&#8220; column_padding_phone=&#8220;inherit&#8220; column_padding_position=&#8220;all&#8220; column_element_direction_desktop=&#8220;default&#8220; column_element_spacing=&#8220;default&#8220; desktop_text_alignment=&#8220;default&#8220; tablet_text_alignment=&#8220;default&#8220; phone_text_alignment=&#8220;default&#8220; background_color_opacity=&#8220;1&#8243; background_hover_color_opacity=&#8220;1&#8243; column_backdrop_filter=&#8220;none&#8220; column_shadow=&#8220;none&#8220;...","og_url":"http:\/\/lucetia.eu\/de\/lieferbedingungen\/","og_site_name":"Lucetia","article_modified_time":"2025-07-12T18:58:22+00:00","twitter_card":"summary_large_image","twitter_misc":{"Gesch\u00e4tzte Lesezeit":"7\u00a0Minuten"},"schema":{"@context":"https:\/\/schema.org","@graph":[{"@type":"WebPage","@id":"http:\/\/lucetia.eu\/de\/lieferbedingungen\/","url":"http:\/\/lucetia.eu\/de\/lieferbedingungen\/","name":"Lieferbedingungen - Lucetia","isPartOf":{"@id":"http:\/\/lucetia.eu\/de\/#website"},"datePublished":"2025-07-11T15:58:48+00:00","dateModified":"2025-07-12T18:58:22+00:00","breadcrumb":{"@id":"http:\/\/lucetia.eu\/de\/lieferbedingungen\/#breadcrumb"},"inLanguage":"de","potentialAction":[{"@type":"ReadAction","target":["http:\/\/lucetia.eu\/de\/lieferbedingungen\/"]}]},{"@type":"BreadcrumbList","@id":"http:\/\/lucetia.eu\/de\/lieferbedingungen\/#breadcrumb","itemListElement":[{"@type":"ListItem","position":1,"name":"Etusivu","item":"https:\/\/lucetia.eu\/de\/"},{"@type":"ListItem","position":2,"name":"Lieferbedingungen"}]},{"@type":"WebSite","@id":"http:\/\/lucetia.eu\/de\/#website","url":"http:\/\/lucetia.eu\/de\/","name":"Lucetia","description":"Astrologi &amp; Lenormand-tulkitsija","potentialAction":[{"@type":"SearchAction","target":{"@type":"EntryPoint","urlTemplate":"http:\/\/lucetia.eu\/de\/?s={search_term_string}"},"query-input":{"@type":"PropertyValueSpecification","valueRequired":true,"valueName":"search_term_string"}}],"inLanguage":"de"}]}},"jetpack_sharing_enabled":true,"_links":{"self":[{"href":"http:\/\/lucetia.eu\/de\/wp-json\/wp\/v2\/pages\/7642","targetHints":{"allow":["GET"]}}],"collection":[{"href":"http:\/\/lucetia.eu\/de\/wp-json\/wp\/v2\/pages"}],"about":[{"href":"http:\/\/lucetia.eu\/de\/wp-json\/wp\/v2\/types\/page"}],"author":[{"embeddable":true,"href":"http:\/\/lucetia.eu\/de\/wp-json\/wp\/v2\/users\/1"}],"replies":[{"embeddable":true,"href":"http:\/\/lucetia.eu\/de\/wp-json\/wp\/v2\/comments?post=7642"}],"version-history":[{"count":6,"href":"http:\/\/lucetia.eu\/de\/wp-json\/wp\/v2\/pages\/7642\/revisions"}],"predecessor-version":[{"id":7654,"href":"http:\/\/lucetia.eu\/de\/wp-json\/wp\/v2\/pages\/7642\/revisions\/7654"}],"wp:attachment":[{"href":"http:\/\/lucetia.eu\/de\/wp-json\/wp\/v2\/media?parent=7642"}],"curies":[{"name":"wp","href":"https:\/\/api.w.org\/{rel}","templated":true}]}}